{"id":23768,"date":"2019-03-08T11:20:36","date_gmt":"2019-03-08T10:20:36","guid":{"rendered":"http:\/\/creacontrol.es\/?page_id=23768"},"modified":"2026-02-16T17:10:11","modified_gmt":"2026-02-16T16:10:11","slug":"home","status":"publish","type":"page","link":"https:\/\/creacontrol.es\/automatizacion-industrial\/","title":{"rendered":"Inicio"},"content":{"rendered":"<div class=\"wpb-content-wrapper\"><p>[vc_row][vc_column][vc_column_text][\/vc_column_text][\/vc_column][\/vc_row][vc_row css=\u00bb.vc_custom_1569324255671{margin-bottom: 0px !important;}\u00bb][vc_column][vc_row_inner el_class=\u00bbfeatures-home\u00bb][vc_column_inner width=\u00bb1\/4&#8243;]<div class=\"boc_spacing \" style=\"height: 40px\"><\/div>[vc_single_image image=\u00bb23783&#8243;]<div class=\"boc_spacing \" style=\"height: 20px\"><\/div><h2 class=\"boc_heading no_text_transform letter_spacing_negative al_left  \"  style=\"margin-bottom: 20px;margin-top: 0px;font-size: 24px;\"><span>Proyectos integrales<\/span><\/h2>[vc_column_text]Nuestra empresa es capaz de desarrollar proyectos de gran alcance, ofreciendo al cliente la posibilidad de elegir proyectos <i>llave en mano.<\/i>[\/vc_column_text][\/vc_column_inner][vc_column_inner width=\u00bb1\/4&#8243;]<div class=\"boc_spacing \" style=\"height: 40px\"><\/div>[vc_single_image image=\u00bb23784&#8243;]<div class=\"boc_spacing \" style=\"height: 20px\"><\/div><h2 class=\"boc_heading no_text_transform letter_spacing_negative al_left  \"  style=\"margin-bottom: 20px;margin-top: 0px;font-size: 24px;\"><span>Migraciones y actualizaciones<\/span><\/h2>[vc_column_text]Realizamos migraciones de sistemas obsoletos a sistemas actualizados, basados en diferentes controladores como S7-400, S7-1500, ControlLogix, etc.[\/vc_column_text][\/vc_column_inner][vc_column_inner width=\u00bb1\/4&#8243;]<div class=\"boc_spacing \" style=\"height: 40px\"><\/div>[vc_single_image image=\u00bb23785&#8243;]<div class=\"boc_spacing \" style=\"height: 20px\"><\/div><h2 class=\"boc_heading no_text_transform letter_spacing_negative al_left  \"  style=\"margin-bottom: 20px;margin-top: 0px;font-size: 24px;\"><span>Fabricantes de maquinaria<\/span><\/h2>[vc_column_text]Nuestra empresa ofrece a fabricantes OEM la posibilidad de desarrollar programas PLC, SCADA o HMI bajo demanda.[\/vc_column_text][\/vc_column_inner][vc_column_inner width=\u00bb1\/4&#8243;]<div class=\"boc_spacing \" style=\"height: 40px\"><\/div>[vc_single_image image=\u00bb23786&#8243;]<div class=\"boc_spacing \" style=\"height: 20px\"><\/div><h2 class=\"boc_heading no_text_transform letter_spacing_negative al_left  \"  style=\"margin-bottom: 20px;margin-top: 0px;font-size: 24px;\"><span>Soporte y auditor\u00edas<\/span><\/h2>[vc_column_text]Ofrecemos servicios de mantenimiento de los sistemas de control, tanto correctivo como predictivo.[\/vc_column_text][\/vc_column_inner][\/vc_row_inner][\/vc_column][\/vc_row][vc_row full_width=\u00bbstretch_row\u00bb bg_type=\u00bbimage\u00bb bg_image_new=\u00bb24640&#8243; bg_image_repeat=\u00bbno-repeat\u00bb bg_image_size=\u00bbcontain\u00bb bg_image_posiiton=\u00bb1040px\u00bb bg_override=\u00bbfull\u00bb parallax_content=\u00bboff\u00bb fadeout_row=\u00bboff\u00bb enable_overlay=\u00bboff\u00bb css=\u00bb.vc_custom_1684675346652{margin-top: 0px !important;margin-bottom: 0px !important;padding-top: 60px !important;padding-bottom: 60px !important;background: #f2f2f2 url(https:\/\/creacontrol.es\/wp-content\/uploads\/2019\/09\/que_hacemos_3.jpg?id=24640) !important;background-position: center !important;background-repeat: no-repeat !important;background-size: contain !important;}\u00bb el_id=\u00bbbanner-image\u00bb][vc_column width=\u00bb1\/2&#8243;]<h2 class=\"boc_heading  al_left  \"  style=\"margin-bottom: 20px;margin-top: 0px;\"><span>Te brindamos <strong><span style=\"color: #ff8500;\">soluciones industriales<\/span><\/strong><\/span><\/h2>[vc_column_text]CreaControl desarrolla proyectos con caracter\u00edsticas muy diferentes. Desde proyectos llave en mano: suministro de cuadros el\u00e9ctricos, instalaci\u00f3n el\u00e9ctrica, desarrollo y puesta en marcha del Sistema de Control y Supervisi\u00f3n, etc. Proyectos de ingenier\u00eda de automatizaci\u00f3n en instalaciones suministradas por el cliente. Soluciones ad-hoc para programas de gesti\u00f3n de lotes y materias primas. Desarrollos PLC\/SCADA\/HMI para fabricantes de maquinaria, etc.[\/vc_column_text][\/vc_column][vc_column width=\u00bb1\/2&#8243;][\/vc_column][\/vc_row][vc_row full_width=\u00bbstretch_row\u00bb bg_type=\u00bbimage\u00bb bg_image_repeat=\u00bbno-repeat\u00bb bg_image_size=\u00bbcontain\u00bb bg_override=\u00bbfull\u00bb parallax_content=\u00bboff\u00bb fadeout_row=\u00bboff\u00bb enable_overlay=\u00bboff\u00bb css=\u00bb.vc_custom_1684676442652{margin-top: 0px !important;margin-bottom: 0px !important;padding-top: 60px !important;padding-bottom: 35px !important;background-color: #f2f2f2 !important;}\u00bb][vc_column width=\u00bb1\/2&#8243;][vc_single_image img_size=\u00bbmedium\u00bb alignment=\u00bbcenter\u00bb image=\u00bb24692&#8243;][\/vc_column][vc_column width=\u00bb1\/2&#8243;]<h3 class=\"boc_heading  al_left  \"  style=\"margin-bottom: 20px;margin-top: 0px;\"><span>Programa de contrataci\u00f3n estable de jovenes<\/span><\/h3>[vc_column_text]A trav\u00e9s del programa de contrataci\u00f3n estable de J\u00f3venes en la convocatoria del a\u00f1o 2022, hemos sido beneficiarios de la ayuda cofinanciada por el Fondo Social Europeo y la Iniciativa de Empleo Juvenil, en el \u00e1mbito de la Comunidad de Madrid. Financiado como parte de la respuesta de la Uni\u00f3n a la pandemia de COVID-19[\/vc_column_text][\/vc_column][vc_column]<div class=\"boc_spacing \" style=\"height: 35px\"><\/div>[vc_column_text css=\u00bb\u00bb]<a href=\"https:\/\/creacontrol.es\/wp-content\/uploads\/2026\/02\/POLITICA-INTEGRADA-DE-CALIDAD-Y-MEDIO-AMBIENTE_-03.02.2026-Rv4.pdf\">Pol\u00edtica de Calidad y Medio Ambiente<\/a>[\/vc_column_text][\/vc_column][\/vc_row]<\/p>\n<\/div>","protected":false},"excerpt":{"rendered":"<p>[vc_row][vc_column][vc_column_text][\/vc_column_text][\/vc_column][\/vc_row][vc_row css=\u00bb.vc_custom_1569324255671{margin-bottom: 0px !important;}\u00bb][vc_column][vc_row_inner el_class=\u00bbfeatures-home\u00bb][vc_column_inner width=\u00bb1\/4&#8243;][vc_single_image image=\u00bb23783&#8243;][vc_column_text]Nuestra empresa es capaz de desarrollar proyectos de gran alcance, ofreciendo al cliente la posibilidad de elegir proyectos llave en mano.[\/vc_column_text][\/vc_column_inner][vc_column_inner width=\u00bb1\/4&#8243;][vc_single_image image=\u00bb23784&#8243;][vc_column_text]Realizamos migraciones de sistemas obsoletos a sistemas actualizados, basados en diferentes controladores como S7-400, S7-1500, ControlLogix, etc.[\/vc_column_text][\/vc_column_inner][vc_column_inner width=\u00bb1\/4&#8243;][vc_single_image image=\u00bb23785&#8243;][vc_column_text]Nuestra empresa ofrece a fabricantes OEM la posibilidad de desarrollar programas PLC, SCADA o<\/p>\n<div class=\"h10\"><\/div>\n<p><a class=\"more-link1\" href=\"https:\/\/creacontrol.es\/automatizacion-industrial\/\">Read more<\/a><\/p>\n","protected":false},"author":4,"featured_media":0,"parent":0,"menu_order":0,"comment_status":"closed","ping_status":"closed","template":"","meta":{"footnotes":""},"class_list":["post-23768","page","type-page","status-publish","hentry"],"yoast_head":"<!-- This site is optimized with the Yoast SEO plugin v27.5 - https:\/\/yoast.com\/product\/yoast-seo-wordpress\/ -->\n<title>CreaControl - Automatizaci\u00f3n Industrial<\/title>\n<meta name=\"robots\" content=\"index, follow, max-snippet:-1, max-image-preview:large, max-video-preview:-1\" \/>\n<link rel=\"canonical\" href=\"https:\/\/creacontrol.es\/automatizacion-industrial\/\" \/>\n<meta property=\"og:locale\" content=\"es_ES\" \/>\n<meta property=\"og:type\" content=\"article\" \/>\n<meta property=\"og:title\" content=\"CreaControl - Automatizaci\u00f3n Industrial\" \/>\n<meta property=\"og:description\" content=\"[vc_row][vc_column][vc_column_text][\/vc_column_text][\/vc_column][\/vc_row][vc_row css=\u00bb.vc_custom_1569324255671{margin-bottom: 0px !important;}\u00bb][vc_column][vc_row_inner el_class=\u00bbfeatures-home\u00bb][vc_column_inner width=\u00bb1\/4&#8243;][vc_single_image image=\u00bb23783&#8243;][vc_column_text]Nuestra empresa es capaz de desarrollar proyectos de gran alcance, ofreciendo al cliente la posibilidad de elegir proyectos llave en mano.[\/vc_column_text][\/vc_column_inner][vc_column_inner width=\u00bb1\/4&#8243;][vc_single_image image=\u00bb23784&#8243;][vc_column_text]Realizamos migraciones de sistemas obsoletos a sistemas actualizados, basados en diferentes controladores como S7-400, S7-1500, ControlLogix, etc.[\/vc_column_text][\/vc_column_inner][vc_column_inner width=\u00bb1\/4&#8243;][vc_single_image image=\u00bb23785&#8243;][vc_column_text]Nuestra empresa ofrece a fabricantes OEM la posibilidad de desarrollar programas PLC, SCADA oRead more\" \/>\n<meta property=\"og:url\" content=\"https:\/\/creacontrol.es\/automatizacion-industrial\/\" \/>\n<meta property=\"og:site_name\" content=\"CreaControl\" \/>\n<meta property=\"article:modified_time\" content=\"2026-02-16T16:10:11+00:00\" \/>\n<meta name=\"twitter:card\" content=\"summary_large_image\" \/>\n<meta name=\"twitter:label1\" content=\"Tiempo de lectura\" \/>\n\t<meta name=\"twitter:data1\" content=\"3 minutos\" \/>\n<script type=\"application\/ld+json\" class=\"yoast-schema-graph\">{\"@context\":\"https:\\\/\\\/schema.org\",\"@graph\":[{\"@type\":\"WebPage\",\"@id\":\"https:\\\/\\\/creacontrol.es\\\/automatizacion-industrial\\\/\",\"url\":\"https:\\\/\\\/creacontrol.es\\\/automatizacion-industrial\\\/\",\"name\":\"CreaControl - Automatizaci\u00f3n Industrial\",\"isPartOf\":{\"@id\":\"https:\\\/\\\/creacontrol.es\\\/automatizacion-industrial\\\/#website\"},\"datePublished\":\"2019-03-08T10:20:36+00:00\",\"dateModified\":\"2026-02-16T16:10:11+00:00\",\"breadcrumb\":{\"@id\":\"https:\\\/\\\/creacontrol.es\\\/automatizacion-industrial\\\/#breadcrumb\"},\"inLanguage\":\"es\",\"potentialAction\":[{\"@type\":\"ReadAction\",\"target\":[\"https:\\\/\\\/creacontrol.es\\\/automatizacion-industrial\\\/\"]}]},{\"@type\":\"BreadcrumbList\",\"@id\":\"https:\\\/\\\/creacontrol.es\\\/automatizacion-industrial\\\/#breadcrumb\",\"itemListElement\":[{\"@type\":\"ListItem\",\"position\":1,\"name\":\"Portada\",\"item\":\"https:\\\/\\\/creacontrol.es\\\/automatizacion-industrial\\\/\"},{\"@type\":\"ListItem\",\"position\":2,\"name\":\"Inicio\"}]},{\"@type\":\"WebSite\",\"@id\":\"https:\\\/\\\/creacontrol.es\\\/automatizacion-industrial\\\/#website\",\"url\":\"https:\\\/\\\/creacontrol.es\\\/automatizacion-industrial\\\/\",\"name\":\"CreaControl\",\"description\":\"Automatizaci\u00f3n industrial\",\"publisher\":{\"@id\":\"https:\\\/\\\/creacontrol.es\\\/automatizacion-industrial\\\/#organization\"},\"potentialAction\":[{\"@type\":\"SearchAction\",\"target\":{\"@type\":\"EntryPoint\",\"urlTemplate\":\"https:\\\/\\\/creacontrol.es\\\/automatizacion-industrial\\\/?s={search_term_string}\"},\"query-input\":{\"@type\":\"PropertyValueSpecification\",\"valueRequired\":true,\"valueName\":\"search_term_string\"}}],\"inLanguage\":\"es\"},{\"@type\":\"Organization\",\"@id\":\"https:\\\/\\\/creacontrol.es\\\/automatizacion-industrial\\\/#organization\",\"name\":\"CreaControl\",\"url\":\"https:\\\/\\\/creacontrol.es\\\/automatizacion-industrial\\\/\",\"logo\":{\"@type\":\"ImageObject\",\"inLanguage\":\"es\",\"@id\":\"https:\\\/\\\/creacontrol.es\\\/automatizacion-industrial\\\/#\\\/schema\\\/logo\\\/image\\\/\",\"url\":\"https:\\\/\\\/creacontrol.es\\\/wp-content\\\/uploads\\\/2022\\\/12\\\/Sin-titulo-1.jpg\",\"contentUrl\":\"https:\\\/\\\/creacontrol.es\\\/wp-content\\\/uploads\\\/2022\\\/12\\\/Sin-titulo-1.jpg\",\"width\":95,\"height\":27,\"caption\":\"CreaControl\"},\"image\":{\"@id\":\"https:\\\/\\\/creacontrol.es\\\/automatizacion-industrial\\\/#\\\/schema\\\/logo\\\/image\\\/\"}}]}<\/script>\n<!-- \/ Yoast SEO plugin. -->","yoast_head_json":{"title":"CreaControl - Automatizaci\u00f3n Industrial","robots":{"index":"index","follow":"follow","max-snippet":"max-snippet:-1","max-image-preview":"max-image-preview:large","max-video-preview":"max-video-preview:-1"},"canonical":"https:\/\/creacontrol.es\/automatizacion-industrial\/","og_locale":"es_ES","og_type":"article","og_title":"CreaControl - Automatizaci\u00f3n Industrial","og_description":"[vc_row][vc_column][vc_column_text][\/vc_column_text][\/vc_column][\/vc_row][vc_row css=\u00bb.vc_custom_1569324255671{margin-bottom: 0px !important;}\u00bb][vc_column][vc_row_inner el_class=\u00bbfeatures-home\u00bb][vc_column_inner width=\u00bb1\/4&#8243;][vc_single_image image=\u00bb23783&#8243;][vc_column_text]Nuestra empresa es capaz de desarrollar proyectos de gran alcance, ofreciendo al cliente la posibilidad de elegir proyectos llave en mano.[\/vc_column_text][\/vc_column_inner][vc_column_inner width=\u00bb1\/4&#8243;][vc_single_image image=\u00bb23784&#8243;][vc_column_text]Realizamos migraciones de sistemas obsoletos a sistemas actualizados, basados en diferentes controladores como S7-400, S7-1500, ControlLogix, etc.[\/vc_column_text][\/vc_column_inner][vc_column_inner width=\u00bb1\/4&#8243;][vc_single_image image=\u00bb23785&#8243;][vc_column_text]Nuestra empresa ofrece a fabricantes OEM la posibilidad de desarrollar programas PLC, SCADA oRead more","og_url":"https:\/\/creacontrol.es\/automatizacion-industrial\/","og_site_name":"CreaControl","article_modified_time":"2026-02-16T16:10:11+00:00","twitter_card":"summary_large_image","twitter_misc":{"Tiempo de lectura":"3 minutos"},"schema":{"@context":"https:\/\/schema.org","@graph":[{"@type":"WebPage","@id":"https:\/\/creacontrol.es\/automatizacion-industrial\/","url":"https:\/\/creacontrol.es\/automatizacion-industrial\/","name":"CreaControl - Automatizaci\u00f3n Industrial","isPartOf":{"@id":"https:\/\/creacontrol.es\/automatizacion-industrial\/#website"},"datePublished":"2019-03-08T10:20:36+00:00","dateModified":"2026-02-16T16:10:11+00:00","breadcrumb":{"@id":"https:\/\/creacontrol.es\/automatizacion-industrial\/#breadcrumb"},"inLanguage":"es","potentialAction":[{"@type":"ReadAction","target":["https:\/\/creacontrol.es\/automatizacion-industrial\/"]}]},{"@type":"BreadcrumbList","@id":"https:\/\/creacontrol.es\/automatizacion-industrial\/#breadcrumb","itemListElement":[{"@type":"ListItem","position":1,"name":"Portada","item":"https:\/\/creacontrol.es\/automatizacion-industrial\/"},{"@type":"ListItem","position":2,"name":"Inicio"}]},{"@type":"WebSite","@id":"https:\/\/creacontrol.es\/automatizacion-industrial\/#website","url":"https:\/\/creacontrol.es\/automatizacion-industrial\/","name":"CreaControl","description":"Automatizaci\u00f3n industrial","publisher":{"@id":"https:\/\/creacontrol.es\/automatizacion-industrial\/#organization"},"potentialAction":[{"@type":"SearchAction","target":{"@type":"EntryPoint","urlTemplate":"https:\/\/creacontrol.es\/automatizacion-industrial\/?s={search_term_string}"},"query-input":{"@type":"PropertyValueSpecification","valueRequired":true,"valueName":"search_term_string"}}],"inLanguage":"es"},{"@type":"Organization","@id":"https:\/\/creacontrol.es\/automatizacion-industrial\/#organization","name":"CreaControl","url":"https:\/\/creacontrol.es\/automatizacion-industrial\/","logo":{"@type":"ImageObject","inLanguage":"es","@id":"https:\/\/creacontrol.es\/automatizacion-industrial\/#\/schema\/logo\/image\/","url":"https:\/\/creacontrol.es\/wp-content\/uploads\/2022\/12\/Sin-titulo-1.jpg","contentUrl":"https:\/\/creacontrol.es\/wp-content\/uploads\/2022\/12\/Sin-titulo-1.jpg","width":95,"height":27,"caption":"CreaControl"},"image":{"@id":"https:\/\/creacontrol.es\/automatizacion-industrial\/#\/schema\/logo\/image\/"}}]}},"_links":{"self":[{"href":"https:\/\/creacontrol.es\/automatizacion-industrial\/wp-json\/wp\/v2\/pages\/23768","targetHints":{"allow":["GET"]}}],"collection":[{"href":"https:\/\/creacontrol.es\/automatizacion-industrial\/wp-json\/wp\/v2\/pages"}],"about":[{"href":"https:\/\/creacontrol.es\/automatizacion-industrial\/wp-json\/wp\/v2\/types\/page"}],"author":[{"embeddable":true,"href":"https:\/\/creacontrol.es\/automatizacion-industrial\/wp-json\/wp\/v2\/users\/4"}],"replies":[{"embeddable":true,"href":"https:\/\/creacontrol.es\/automatizacion-industrial\/wp-json\/wp\/v2\/comments?post=23768"}],"version-history":[{"count":73,"href":"https:\/\/creacontrol.es\/automatizacion-industrial\/wp-json\/wp\/v2\/pages\/23768\/revisions"}],"predecessor-version":[{"id":25070,"href":"https:\/\/creacontrol.es\/automatizacion-industrial\/wp-json\/wp\/v2\/pages\/23768\/revisions\/25070"}],"wp:attachment":[{"href":"https:\/\/creacontrol.es\/automatizacion-industrial\/wp-json\/wp\/v2\/media?parent=23768"}],"curies":[{"name":"wp","href":"https:\/\/api.w.org\/{rel}","templated":true}]}}