{"id":23844,"date":"2019-03-12T01:24:08","date_gmt":"2019-03-12T00:24:08","guid":{"rendered":"http:\/\/creacontrol.es\/?page_id=23844"},"modified":"2023-05-21T16:31:52","modified_gmt":"2023-05-21T14:31:52","slug":"ingenieria-de-automatizacion","status":"publish","type":"page","link":"https:\/\/creacontrol.es\/automatizacion-industrial\/ingenieria-de-automatizacion\/","title":{"rendered":"Ingenier\u00eda de automatizaci\u00f3n"},"content":{"rendered":"<div class=\"wpb-content-wrapper\"><p>[vc_row full_width=\u00bbstretch_row\u00bb bg_type=\u00bbimage\u00bb bg_image_new=\u00bb24575&#8243; bg_image_repeat=\u00bbno-repeat\u00bb bg_override=\u00bbfull\u00bb parallax_content=\u00bboff\u00bb fadeout_row=\u00bboff\u00bb enable_overlay=\u00bboff\u00bb css=\u00bb.vc_custom_1684679604661{padding-top: 100px !important;padding-bottom: 100px !important;background-image: url(https:\/\/creacontrol.es\/wp-content\/uploads\/2019\/09\/cabecera_secciones_delgada.png?id=24575) !important;background-position: center !important;background-repeat: no-repeat !important;background-size: cover !important;}\u00bb el_class=\u00bbheader-page\u00bb][vc_column]<h1 class=\"boc_heading  center  \"  style=\"margin-bottom: 10px;margin-top: 0px;color: #ffffff;\"><span>Proyectos de Sistemas de Control<\/span><\/h1>[\/vc_column][\/vc_row][vc_row css=\u00bb.vc_custom_1569252122192{padding-top: 20px !important;}\u00bb][vc_column][vc_row_inner][vc_column_inner width=\u00bb1\/2&#8243;][vc_single_image image=\u00bb24565&#8243; css=\u00bb.vc_custom_1569339589354{margin-bottom: 0px !important;}\u00bb][\/vc_column_inner][vc_column_inner width=\u00bb1\/2&#8243;]<h2 class=\"boc_heading bold al_left  \"  style=\"margin-bottom: 20px;margin-top: 0px;color: #333;\"><span>Proyectos de Sistemas de Control y Supervisi\u00f3n<\/span><\/h2>[vc_column_text]<span style=\"color: #ff8500;\"><strong>CreaControl<\/strong><\/span> desarrolla proyectos con caracter\u00edsticas muy diferentes. Desde proyectos llave en mano: suministro de cuadros el\u00e9ctricos, instalaci\u00f3n el\u00e9ctrica, desarrollo y puesta en marcha del Sistema de Control y Supervisi\u00f3n, etc., pasando por proyectos de ingenier\u00eda de automatizaci\u00f3n en instalaciones suministradas por el cliente, soluciones ad-hoc para programas de gesti\u00f3n de lotes y materias primas, desarrollos PLC\/SCADA\/HMI para fabricantes de maquinaria, etc.<\/p>\n<p>Desde <strong><span style=\"color: #ff8500;\">CreaControl<\/span><\/strong>, apostamos por utilizar en nuestros proyectos tecnolog\u00eda de los principales fabricantes, evitando, salvo en soluciones a medida, la implantaci\u00f3n de aplicaciones propietarias. Todo ello ofrece al cliente el control total de su instalaci\u00f3n una vez finalizado el proyecto.[\/vc_column_text][\/vc_column_inner][\/vc_row_inner][\/vc_column][\/vc_row][vc_row full_width=\u00bbstretch_row_content_no_spaces\u00bb css=\u00bb.vc_custom_1552334084792{margin-bottom: 0px !important;}\u00bb][vc_column]<div class=\"boc_spacing \" style=\"height: 5px\"><\/div><div class=\"boc_divider_holder\"><div class=\"boc_divider  \"  style=\"margin-top: 20px;margin-bottom: 60px;height: 2px;background: #e5e5e5;\"><\/div><\/div>[\/vc_column][\/vc_row][vc_row full_width=\u00bbstretch_row\u00bb equal_height=\u00bbyes\u00bb el_class=\u00bbsection-services\u00bb][vc_column width=\u00bb1\/3&#8243; css=\u00bb.vc_custom_1552384322635{background-position: 0 0 !important;background-repeat: no-repeat !important;}\u00bb][vc_single_image alignment=\u00bbcenter\u00bb image=\u00bb24030&#8243; css=\u00bb.vc_custom_1567410012185{margin-bottom: 0px !important;}\u00bb][vc_column_text el_class=\u00bbbox-services\u00bb]<\/p>\n<h2><a href=\"\/proyectos-integrales\/\">Proyectos integrales<\/a><\/h2>\n<p>Nuestra empresa es capaz de desarrollar proyectos de gran alcance, ofreciendo al cliente la posibilidad de elegir proyectos llave en mano..<\/p>\n<p><a id=\"contenedor\" class=\"button btn_medium btn_theme_color btn_rounded btn_normal_style \" href=\"\/proyectos-integrales\/\" target=\"_self\" rel=\"noopener noreferrer\">Leer m\u00e1s<\/a>[\/vc_column_text][\/vc_column][vc_column width=\u00bb1\/3&#8243; css=\u00bb.vc_custom_1552384327703{background-position: 0 0 !important;background-repeat: no-repeat !important;}\u00bb][vc_single_image alignment=\u00bbcenter\u00bb image=\u00bb24370&#8243; css=\u00bb.vc_custom_1567003154764{margin-bottom: 0px !important;}\u00bb][vc_column_text el_class=\u00bbbox-services\u00bb]<\/p>\n<h2><a href=\"\/migraciones-y-actualizaciones\/\">Migraciones y actualizaciones<\/a><\/h2>\n<p>Dado el amplio espectro de conocimiento con el que el equipo t\u00e9cnico de CreaControl cuenta, somos capaces de acometer, con total garant\u00eda, la migraci\u00f3n y actualizaci\u00f3n..<\/p>\n<p><a id=\"contenedor\" class=\"button btn_medium btn_theme_color btn_rounded btn_normal_style \" href=\"\/migraciones-y-actualizaciones\/\" target=\"_self\" rel=\"noopener noreferrer\">Leer m\u00e1s<\/a>[\/vc_column_text][\/vc_column][vc_column width=\u00bb1\/3&#8243; css=\u00bb.vc_custom_1552384339844{background-position: 0 0 !important;background-repeat: no-repeat !important;}\u00bb][vc_single_image alignment=\u00bbcenter\u00bb image=\u00bb24405&#8243; css=\u00bb.vc_custom_1567150133130{margin-bottom: 0px !important;}\u00bb][vc_column_text el_class=\u00bbbox-services\u00bb]<\/p>\n<h2><a href=\"\/fabricantes-de-maquinaria\/\">Fabricantes de maquinaria<\/a><\/h2>\n<p>Nuestra empresa ofrece a fabricantes OEM la posibilidad de desarrollar programas PLC, SCADA o HMI bajo demanda, siguiendo las indicaciones de ingenier\u00eda del cliente..<\/p>\n<p><a id=\"contenedor\" class=\"button btn_medium btn_theme_color btn_rounded btn_normal_style \" href=\"\/fabricantes-de-maquinaria\/\" target=\"_self\" rel=\"noopener noreferrer\">Leer m\u00e1s<\/a>[\/vc_column_text][\/vc_column][\/vc_row][vc_row full_width=\u00bbstretch_row\u00bb equal_height=\u00bbyes\u00bb el_class=\u00bbsection-services\u00bb][vc_column width=\u00bb1\/3&#8243; css=\u00bb.vc_custom_1552384322635{background-position: 0 0 !important;background-repeat: no-repeat !important;}\u00bb][vc_single_image alignment=\u00bbcenter\u00bb image=\u00bb24373&#8243; css=\u00bb.vc_custom_1567006866983{margin-bottom: 0px !important;}\u00bb][vc_column_text el_class=\u00bbbox-services\u00bb]<\/p>\n<h2><a href=\"\/tecnologias-empleadas\/\">Tecnolog\u00edas empleadas<\/a><\/h2>\n<p>Contamos con amplia experiencia con las herramientas m\u00e1s demandadas por la industria, con una gran variedad de tecnolog\u00edas&#8230;<\/p>\n<p><a id=\"contenedor\" class=\"button btn_medium btn_theme_color btn_rounded btn_normal_style \" href=\"\/tecnologias-empleadas\/\" target=\"_self\" rel=\"noopener noreferrer\">Leer m\u00e1s<\/a>[\/vc_column_text][\/vc_column][vc_column width=\u00bb1\/3&#8243; css=\u00bb.vc_custom_1552384327703{background-position: 0 0 !important;background-repeat: no-repeat !important;}\u00bb][\/vc_column][vc_column width=\u00bb1\/3&#8243; css=\u00bb.vc_custom_1552384339844{background-position: 0 0 !important;background-repeat: no-repeat !important;}\u00bb][\/vc_column][\/vc_row][vc_row full_width=\u00bbstretch_row_content_no_spaces\u00bb css=\u00bb.vc_custom_1552334084792{margin-bottom: 0px !important;}\u00bb][vc_column]<div class=\"boc_divider_holder\"><div class=\"boc_divider  \"  style=\"margin-top: 20px;margin-bottom: 20px;height: 2px;background: #e5e5e5;\"><\/div><\/div>[\/vc_column][\/vc_row]<\/p>\n<\/div>","protected":false},"excerpt":{"rendered":"<p>[vc_row full_width=\u00bbstretch_row\u00bb bg_type=\u00bbimage\u00bb bg_image_new=\u00bb24575&#8243; bg_image_repeat=\u00bbno-repeat\u00bb bg_override=\u00bbfull\u00bb parallax_content=\u00bboff\u00bb fadeout_row=\u00bboff\u00bb enable_overlay=\u00bboff\u00bb css=\u00bb.vc_custom_1684679604661{padding-top: 100px !important;padding-bottom: 100px !important;background-image: url(https:\/\/creacontrol.es\/wp-content\/uploads\/2019\/09\/cabecera_secciones_delgada.png?id=24575) !important;background-position: center !important;background-repeat: no-repeat !important;background-size: cover !important;}\u00bb el_class=\u00bbheader-page\u00bb][vc_column][\/vc_column][\/vc_row][vc_row css=\u00bb.vc_custom_1569252122192{padding-top: 20px !important;}\u00bb][vc_column][vc_row_inner][vc_column_inner width=\u00bb1\/2&#8243;][vc_single_image image=\u00bb24565&#8243; css=\u00bb.vc_custom_1569339589354{margin-bottom: 0px !important;}\u00bb][\/vc_column_inner][vc_column_inner width=\u00bb1\/2&#8243;][vc_column_text]CreaControl desarrolla proyectos con caracter\u00edsticas muy diferentes. Desde proyectos llave en mano: suministro de cuadros el\u00e9ctricos, instalaci\u00f3n el\u00e9ctrica, desarrollo y puesta en marcha del Sistema de Control y Supervisi\u00f3n,<\/p>\n<div class=\"h10\"><\/div>\n<p><a class=\"more-link1\" href=\"https:\/\/creacontrol.es\/automatizacion-industrial\/ingenieria-de-automatizacion\/\">Read more<\/a><\/p>\n","protected":false},"author":4,"featured_media":0,"parent":0,"menu_order":0,"comment_status":"closed","ping_status":"closed","template":"","meta":{"footnotes":""},"class_list":["post-23844","page","type-page","status-publish","hentry"],"yoast_head":"<!-- This site is optimized with the Yoast SEO plugin v27.4 - https:\/\/yoast.com\/product\/yoast-seo-wordpress\/ -->\n<title>Ingenier\u00eda de automatizaci\u00f3n - CreaControl<\/title>\n<meta name=\"robots\" content=\"index, follow, max-snippet:-1, max-image-preview:large, max-video-preview:-1\" \/>\n<link rel=\"canonical\" href=\"https:\/\/creacontrol.es\/automatizacion-industrial\/ingenieria-de-automatizacion\/\" \/>\n<meta property=\"og:locale\" content=\"es_ES\" \/>\n<meta property=\"og:type\" content=\"article\" \/>\n<meta property=\"og:title\" content=\"Ingenier\u00eda de automatizaci\u00f3n - CreaControl\" \/>\n<meta property=\"og:description\" content=\"[vc_row full_width=\u00bbstretch_row\u00bb bg_type=\u00bbimage\u00bb bg_image_new=\u00bb24575&#8243; bg_image_repeat=\u00bbno-repeat\u00bb bg_override=\u00bbfull\u00bb parallax_content=\u00bboff\u00bb fadeout_row=\u00bboff\u00bb enable_overlay=\u00bboff\u00bb css=\u00bb.vc_custom_1684679604661{padding-top: 100px !important;padding-bottom: 100px !important;background-image: url(https:\/\/creacontrol.es\/wp-content\/uploads\/2019\/09\/cabecera_secciones_delgada.png?id=24575) !important;background-position: center !important;background-repeat: no-repeat !important;background-size: cover !important;}\u00bb el_class=\u00bbheader-page\u00bb][vc_column][\/vc_column][\/vc_row][vc_row css=\u00bb.vc_custom_1569252122192{padding-top: 20px !important;}\u00bb][vc_column][vc_row_inner][vc_column_inner width=\u00bb1\/2&#8243;][vc_single_image image=\u00bb24565&#8243; css=\u00bb.vc_custom_1569339589354{margin-bottom: 0px !important;}\u00bb][\/vc_column_inner][vc_column_inner width=\u00bb1\/2&#8243;][vc_column_text]CreaControl desarrolla proyectos con caracter\u00edsticas muy diferentes. Desde proyectos llave en mano: suministro de cuadros el\u00e9ctricos, instalaci\u00f3n el\u00e9ctrica, desarrollo y puesta en marcha del Sistema de Control y Supervisi\u00f3n,Read more\" \/>\n<meta property=\"og:url\" content=\"https:\/\/creacontrol.es\/automatizacion-industrial\/ingenieria-de-automatizacion\/\" \/>\n<meta property=\"og:site_name\" content=\"CreaControl\" \/>\n<meta property=\"article:modified_time\" content=\"2023-05-21T14:31:52+00:00\" \/>\n<meta name=\"twitter:card\" content=\"summary_large_image\" \/>\n<meta name=\"twitter:label1\" content=\"Tiempo de lectura\" \/>\n\t<meta name=\"twitter:data1\" content=\"2 minutos\" \/>\n<script type=\"application\/ld+json\" class=\"yoast-schema-graph\">{\"@context\":\"https:\\\/\\\/schema.org\",\"@graph\":[{\"@type\":\"WebPage\",\"@id\":\"https:\\\/\\\/creacontrol.es\\\/automatizacion-industrial\\\/ingenieria-de-automatizacion\\\/\",\"url\":\"https:\\\/\\\/creacontrol.es\\\/automatizacion-industrial\\\/ingenieria-de-automatizacion\\\/\",\"name\":\"Ingenier\u00eda de automatizaci\u00f3n - CreaControl\",\"isPartOf\":{\"@id\":\"https:\\\/\\\/creacontrol.es\\\/automatizacion-industrial\\\/#website\"},\"datePublished\":\"2019-03-12T00:24:08+00:00\",\"dateModified\":\"2023-05-21T14:31:52+00:00\",\"breadcrumb\":{\"@id\":\"https:\\\/\\\/creacontrol.es\\\/automatizacion-industrial\\\/ingenieria-de-automatizacion\\\/#breadcrumb\"},\"inLanguage\":\"es\",\"potentialAction\":[{\"@type\":\"ReadAction\",\"target\":[\"https:\\\/\\\/creacontrol.es\\\/automatizacion-industrial\\\/ingenieria-de-automatizacion\\\/\"]}]},{\"@type\":\"BreadcrumbList\",\"@id\":\"https:\\\/\\\/creacontrol.es\\\/automatizacion-industrial\\\/ingenieria-de-automatizacion\\\/#breadcrumb\",\"itemListElement\":[{\"@type\":\"ListItem\",\"position\":1,\"name\":\"Portada\",\"item\":\"https:\\\/\\\/creacontrol.es\\\/automatizacion-industrial\\\/\"},{\"@type\":\"ListItem\",\"position\":2,\"name\":\"Ingenier\u00eda de automatizaci\u00f3n\"}]},{\"@type\":\"WebSite\",\"@id\":\"https:\\\/\\\/creacontrol.es\\\/automatizacion-industrial\\\/#website\",\"url\":\"https:\\\/\\\/creacontrol.es\\\/automatizacion-industrial\\\/\",\"name\":\"CreaControl\",\"description\":\"Automatizaci\u00f3n industrial\",\"publisher\":{\"@id\":\"https:\\\/\\\/creacontrol.es\\\/automatizacion-industrial\\\/#organization\"},\"potentialAction\":[{\"@type\":\"SearchAction\",\"target\":{\"@type\":\"EntryPoint\",\"urlTemplate\":\"https:\\\/\\\/creacontrol.es\\\/automatizacion-industrial\\\/?s={search_term_string}\"},\"query-input\":{\"@type\":\"PropertyValueSpecification\",\"valueRequired\":true,\"valueName\":\"search_term_string\"}}],\"inLanguage\":\"es\"},{\"@type\":\"Organization\",\"@id\":\"https:\\\/\\\/creacontrol.es\\\/automatizacion-industrial\\\/#organization\",\"name\":\"CreaControl\",\"url\":\"https:\\\/\\\/creacontrol.es\\\/automatizacion-industrial\\\/\",\"logo\":{\"@type\":\"ImageObject\",\"inLanguage\":\"es\",\"@id\":\"https:\\\/\\\/creacontrol.es\\\/automatizacion-industrial\\\/#\\\/schema\\\/logo\\\/image\\\/\",\"url\":\"https:\\\/\\\/creacontrol.es\\\/wp-content\\\/uploads\\\/2022\\\/12\\\/Sin-titulo-1.jpg\",\"contentUrl\":\"https:\\\/\\\/creacontrol.es\\\/wp-content\\\/uploads\\\/2022\\\/12\\\/Sin-titulo-1.jpg\",\"width\":95,\"height\":27,\"caption\":\"CreaControl\"},\"image\":{\"@id\":\"https:\\\/\\\/creacontrol.es\\\/automatizacion-industrial\\\/#\\\/schema\\\/logo\\\/image\\\/\"}}]}<\/script>\n<!-- \/ Yoast SEO plugin. -->","yoast_head_json":{"title":"Ingenier\u00eda de automatizaci\u00f3n - CreaControl","robots":{"index":"index","follow":"follow","max-snippet":"max-snippet:-1","max-image-preview":"max-image-preview:large","max-video-preview":"max-video-preview:-1"},"canonical":"https:\/\/creacontrol.es\/automatizacion-industrial\/ingenieria-de-automatizacion\/","og_locale":"es_ES","og_type":"article","og_title":"Ingenier\u00eda de automatizaci\u00f3n - CreaControl","og_description":"[vc_row full_width=\u00bbstretch_row\u00bb bg_type=\u00bbimage\u00bb bg_image_new=\u00bb24575&#8243; bg_image_repeat=\u00bbno-repeat\u00bb bg_override=\u00bbfull\u00bb parallax_content=\u00bboff\u00bb fadeout_row=\u00bboff\u00bb enable_overlay=\u00bboff\u00bb css=\u00bb.vc_custom_1684679604661{padding-top: 100px !important;padding-bottom: 100px !important;background-image: url(https:\/\/creacontrol.es\/wp-content\/uploads\/2019\/09\/cabecera_secciones_delgada.png?id=24575) !important;background-position: center !important;background-repeat: no-repeat !important;background-size: cover !important;}\u00bb el_class=\u00bbheader-page\u00bb][vc_column][\/vc_column][\/vc_row][vc_row css=\u00bb.vc_custom_1569252122192{padding-top: 20px !important;}\u00bb][vc_column][vc_row_inner][vc_column_inner width=\u00bb1\/2&#8243;][vc_single_image image=\u00bb24565&#8243; css=\u00bb.vc_custom_1569339589354{margin-bottom: 0px !important;}\u00bb][\/vc_column_inner][vc_column_inner width=\u00bb1\/2&#8243;][vc_column_text]CreaControl desarrolla proyectos con caracter\u00edsticas muy diferentes. Desde proyectos llave en mano: suministro de cuadros el\u00e9ctricos, instalaci\u00f3n el\u00e9ctrica, desarrollo y puesta en marcha del Sistema de Control y Supervisi\u00f3n,Read more","og_url":"https:\/\/creacontrol.es\/automatizacion-industrial\/ingenieria-de-automatizacion\/","og_site_name":"CreaControl","article_modified_time":"2023-05-21T14:31:52+00:00","twitter_card":"summary_large_image","twitter_misc":{"Tiempo de lectura":"2 minutos"},"schema":{"@context":"https:\/\/schema.org","@graph":[{"@type":"WebPage","@id":"https:\/\/creacontrol.es\/automatizacion-industrial\/ingenieria-de-automatizacion\/","url":"https:\/\/creacontrol.es\/automatizacion-industrial\/ingenieria-de-automatizacion\/","name":"Ingenier\u00eda de automatizaci\u00f3n - CreaControl","isPartOf":{"@id":"https:\/\/creacontrol.es\/automatizacion-industrial\/#website"},"datePublished":"2019-03-12T00:24:08+00:00","dateModified":"2023-05-21T14:31:52+00:00","breadcrumb":{"@id":"https:\/\/creacontrol.es\/automatizacion-industrial\/ingenieria-de-automatizacion\/#breadcrumb"},"inLanguage":"es","potentialAction":[{"@type":"ReadAction","target":["https:\/\/creacontrol.es\/automatizacion-industrial\/ingenieria-de-automatizacion\/"]}]},{"@type":"BreadcrumbList","@id":"https:\/\/creacontrol.es\/automatizacion-industrial\/ingenieria-de-automatizacion\/#breadcrumb","itemListElement":[{"@type":"ListItem","position":1,"name":"Portada","item":"https:\/\/creacontrol.es\/automatizacion-industrial\/"},{"@type":"ListItem","position":2,"name":"Ingenier\u00eda de automatizaci\u00f3n"}]},{"@type":"WebSite","@id":"https:\/\/creacontrol.es\/automatizacion-industrial\/#website","url":"https:\/\/creacontrol.es\/automatizacion-industrial\/","name":"CreaControl","description":"Automatizaci\u00f3n industrial","publisher":{"@id":"https:\/\/creacontrol.es\/automatizacion-industrial\/#organization"},"potentialAction":[{"@type":"SearchAction","target":{"@type":"EntryPoint","urlTemplate":"https:\/\/creacontrol.es\/automatizacion-industrial\/?s={search_term_string}"},"query-input":{"@type":"PropertyValueSpecification","valueRequired":true,"valueName":"search_term_string"}}],"inLanguage":"es"},{"@type":"Organization","@id":"https:\/\/creacontrol.es\/automatizacion-industrial\/#organization","name":"CreaControl","url":"https:\/\/creacontrol.es\/automatizacion-industrial\/","logo":{"@type":"ImageObject","inLanguage":"es","@id":"https:\/\/creacontrol.es\/automatizacion-industrial\/#\/schema\/logo\/image\/","url":"https:\/\/creacontrol.es\/wp-content\/uploads\/2022\/12\/Sin-titulo-1.jpg","contentUrl":"https:\/\/creacontrol.es\/wp-content\/uploads\/2022\/12\/Sin-titulo-1.jpg","width":95,"height":27,"caption":"CreaControl"},"image":{"@id":"https:\/\/creacontrol.es\/automatizacion-industrial\/#\/schema\/logo\/image\/"}}]}},"_links":{"self":[{"href":"https:\/\/creacontrol.es\/automatizacion-industrial\/wp-json\/wp\/v2\/pages\/23844","targetHints":{"allow":["GET"]}}],"collection":[{"href":"https:\/\/creacontrol.es\/automatizacion-industrial\/wp-json\/wp\/v2\/pages"}],"about":[{"href":"https:\/\/creacontrol.es\/automatizacion-industrial\/wp-json\/wp\/v2\/types\/page"}],"author":[{"embeddable":true,"href":"https:\/\/creacontrol.es\/automatizacion-industrial\/wp-json\/wp\/v2\/users\/4"}],"replies":[{"embeddable":true,"href":"https:\/\/creacontrol.es\/automatizacion-industrial\/wp-json\/wp\/v2\/comments?post=23844"}],"version-history":[{"count":74,"href":"https:\/\/creacontrol.es\/automatizacion-industrial\/wp-json\/wp\/v2\/pages\/23844\/revisions"}],"predecessor-version":[{"id":24948,"href":"https:\/\/creacontrol.es\/automatizacion-industrial\/wp-json\/wp\/v2\/pages\/23844\/revisions\/24948"}],"wp:attachment":[{"href":"https:\/\/creacontrol.es\/automatizacion-industrial\/wp-json\/wp\/v2\/media?parent=23844"}],"curies":[{"name":"wp","href":"https:\/\/api.w.org\/{rel}","templated":true}]}}