{"id":23896,"date":"2019-03-12T21:40:06","date_gmt":"2019-03-12T20:40:06","guid":{"rendered":"http:\/\/creacontrol.es\/?page_id=23896"},"modified":"2023-05-21T16:26:48","modified_gmt":"2023-05-21T14:26:48","slug":"proyectos-integrales","status":"publish","type":"page","link":"https:\/\/creacontrol.es\/automatizacion-industrial\/ingenieria-de-automatizacion\/proyectos-integrales\/","title":{"rendered":"Proyectos integrales"},"content":{"rendered":"<div class=\"wpb-content-wrapper\"><p>[vc_row full_width=\u00bbstretch_row\u00bb bg_type=\u00bbimage\u00bb bg_image_new=\u00bb24575&#8243; bg_image_repeat=\u00bbno-repeat\u00bb bg_override=\u00bbfull\u00bb parallax_content=\u00bboff\u00bb fadeout_row=\u00bboff\u00bb enable_overlay=\u00bboff\u00bb css=\u00bb.vc_custom_1684679302004{padding-top: 100px !important;padding-bottom: 100px !important;background-image: url(https:\/\/creacontrol.es\/wp-content\/uploads\/2019\/09\/cabecera_secciones_delgada.png?id=24575) !important;background-position: center !important;background-repeat: no-repeat !important;background-size: cover !important;}\u00bb el_class=\u00bbheader-page\u00bb][vc_column]<h1 class=\"boc_heading  center  \"  style=\"margin-bottom: 10px;margin-top: 0px;color: #ffffff;\"><span>Proyectos integrales<\/span><\/h1>[\/vc_column][\/vc_row][vc_row css=\u00bb.vc_custom_1569251614354{padding-top: 20px !important;}\u00bb][vc_column width=\u00bb1\/2&#8243;][vc_single_image alignment=\u00bbcenter\u00bb image=\u00bb24027&#8243; css=\u00bb.vc_custom_1552629605509{margin-bottom: 0px !important;}\u00bb][\/vc_column][vc_column width=\u00bb1\/2&#8243;]<h2 class=\"boc_heading bold al_left  \"  style=\"margin-bottom: 10px;margin-top: 0px;color: #333333;\"><span>Proyectos integrales<\/span><\/h2>[vc_column_text]Nuestra empresa es capaz de desarrollar proyectos de gran alcance, ofreciendo al cliente la posibilidad de elegir proyectos <i>llave en mano <\/i>(armarios el\u00e9ctricos, ingenier\u00eda e instalaci\u00f3n el\u00e9ctrica y aplicaciones de control y supervisi\u00f3n), proyectos de desarrollo de PLC, SCADA y HMI, desarrollo de sistemas de supervisi\u00f3n sobre PLCs ya existentes, etc.<\/p>\n<p>Llevamos a cabo desde proyectos de automatizaci\u00f3n de plantas con miles de se\u00f1ales, a celdas automatizadas de producci\u00f3n, pasando por proyectos de integraci\u00f3n de dispositivos y PLCs en sistemas de supervisi\u00f3n, programas de gesti\u00f3n de lotes y materias primas, etc.[\/vc_column_text][\/vc_column][\/vc_row][vc_row][vc_column]<div class=\"boc_spacing \" style=\"height: 50px\"><\/div>[vc_column_text]El alcance de CreaControl en la realizaci\u00f3n de un proyecto comprende todo el \u00e1mbito del mismo:[\/vc_column_text]<div class=\"boc_list_item  \" >\r\n\t\t\t\t\t<span class=\"li_icon normal \" style=\"\"><i class=\"icon icon-check2\" style=\"color: #ff8500;\"><\/i><\/span>\r\n\t\t\t\t\t<div class=\"boc_list_item_text normal\">Definici\u00f3n y redacci\u00f3n del documento de Especificaciones Funcionales, siguiendo los criterios del cliente.<\/div>\r\n\t\t\t\t   <\/div><div class=\"boc_list_item  \" >\r\n\t\t\t\t\t<span class=\"li_icon normal \" style=\"\"><i class=\"icon icon-check2\" style=\"color: #ff8500;\"><\/i><\/span>\r\n\t\t\t\t\t<div class=\"boc_list_item_text normal\">Dise\u00f1o de arquitecturas de control y supervisi\u00f3n.<\/div>\r\n\t\t\t\t   <\/div><div class=\"boc_list_item  \" >\r\n\t\t\t\t\t<span class=\"li_icon normal \" style=\"\"><i class=\"icon icon-check2\" style=\"color: #ff8500;\"><\/i><\/span>\r\n\t\t\t\t\t<div class=\"boc_list_item_text normal\">Dise\u00f1o de armarios el\u00e9ctricos e ingenier\u00eda el\u00e9ctrica.<\/div>\r\n\t\t\t\t   <\/div><div class=\"boc_list_item  \" >\r\n\t\t\t\t\t<span class=\"li_icon normal \" style=\"\"><i class=\"icon icon-check2\" style=\"color: #ff8500;\"><\/i><\/span>\r\n\t\t\t\t\t<div class=\"boc_list_item_text normal\">Desarrollo de aplicaciones PLC, SCADA y HMI.<\/div>\r\n\t\t\t\t   <\/div><div class=\"boc_list_item  \" >\r\n\t\t\t\t\t<span class=\"li_icon normal \" style=\"\"><i class=\"icon icon-check2\" style=\"color: #ff8500;\"><\/i><\/span>\r\n\t\t\t\t\t<div class=\"boc_list_item_text normal\">Desarrollo de software de gesti\u00f3n.<\/div>\r\n\t\t\t\t   <\/div><div class=\"boc_list_item  \" >\r\n\t\t\t\t\t<span class=\"li_icon normal \" style=\"\"><i class=\"icon icon-check2\" style=\"color: #ff8500;\"><\/i><\/span>\r\n\t\t\t\t\t<div class=\"boc_list_item_text normal\">Pruebas FAT.<\/div>\r\n\t\t\t\t   <\/div><div class=\"boc_list_item  \" >\r\n\t\t\t\t\t<span class=\"li_icon normal \" style=\"\"><i class=\"icon icon-check2\" style=\"color: #ff8500;\"><\/i><\/span>\r\n\t\t\t\t\t<div class=\"boc_list_item_text normal\">Integraci\u00f3n de sistemas.<\/div>\r\n\t\t\t\t   <\/div><div class=\"boc_list_item  \" >\r\n\t\t\t\t\t<span class=\"li_icon normal \" style=\"\"><i class=\"icon icon-check2\" style=\"color: #ff8500;\"><\/i><\/span>\r\n\t\t\t\t\t<div class=\"boc_list_item_text normal\">Puesta en Marcha.<\/div>\r\n\t\t\t\t   <\/div><div class=\"boc_list_item  \" >\r\n\t\t\t\t\t<span class=\"li_icon normal \" style=\"\"><i class=\"icon icon-check2\" style=\"color: #ff8500;\"><\/i><\/span>\r\n\t\t\t\t\t<div class=\"boc_list_item_text normal\">Documentaci\u00f3n As-Built.<\/div>\r\n\t\t\t\t   <\/div><div class=\"boc_list_item  \" >\r\n\t\t\t\t\t<span class=\"li_icon normal \" style=\"\"><i class=\"icon icon-check2\" style=\"color: #ff8500;\"><\/i><\/span>\r\n\t\t\t\t\t<div class=\"boc_list_item_text normal\">Manuales de usuario.<\/div>\r\n\t\t\t\t   <\/div><div class=\"boc_list_item  \" >\r\n\t\t\t\t\t<span class=\"li_icon normal \" style=\"\"><i class=\"icon icon-check2\" style=\"color: #ff8500;\"><\/i><\/span>\r\n\t\t\t\t\t<div class=\"boc_list_item_text normal\">Manuales de ingenier\u00eda.<\/div>\r\n\t\t\t\t   <\/div><div class=\"boc_list_item  \" >\r\n\t\t\t\t\t<span class=\"li_icon normal \" style=\"\"><i class=\"icon icon-check2\" style=\"color: #ff8500;\"><\/i><\/span>\r\n\t\t\t\t\t<div class=\"boc_list_item_text normal\">Mantenimiento del sistema.<\/div>\r\n\t\t\t\t   <\/div>[\/vc_column][\/vc_row]<\/p>\n<\/div>","protected":false},"excerpt":{"rendered":"<p>[vc_row full_width=\u00bbstretch_row\u00bb bg_type=\u00bbimage\u00bb bg_image_new=\u00bb24575&#8243; bg_image_repeat=\u00bbno-repeat\u00bb bg_override=\u00bbfull\u00bb parallax_content=\u00bboff\u00bb fadeout_row=\u00bboff\u00bb enable_overlay=\u00bboff\u00bb css=\u00bb.vc_custom_1684679302004{padding-top: 100px !important;padding-bottom: 100px !important;background-image: url(https:\/\/creacontrol.es\/wp-content\/uploads\/2019\/09\/cabecera_secciones_delgada.png?id=24575) !important;background-position: center !important;background-repeat: no-repeat !important;background-size: cover !important;}\u00bb el_class=\u00bbheader-page\u00bb][vc_column][\/vc_column][\/vc_row][vc_row css=\u00bb.vc_custom_1569251614354{padding-top: 20px !important;}\u00bb][vc_column width=\u00bb1\/2&#8243;][vc_single_image alignment=\u00bbcenter\u00bb image=\u00bb24027&#8243; css=\u00bb.vc_custom_1552629605509{margin-bottom: 0px !important;}\u00bb][\/vc_column][vc_column width=\u00bb1\/2&#8243;][vc_column_text]Nuestra empresa es capaz de desarrollar proyectos de gran alcance, ofreciendo al cliente la posibilidad de elegir proyectos llave en mano (armarios el\u00e9ctricos, ingenier\u00eda e instalaci\u00f3n el\u00e9ctrica y<\/p>\n<div class=\"h10\"><\/div>\n<p><a class=\"more-link1\" href=\"https:\/\/creacontrol.es\/automatizacion-industrial\/ingenieria-de-automatizacion\/proyectos-integrales\/\">Read more<\/a><\/p>\n","protected":false},"author":4,"featured_media":0,"parent":23844,"menu_order":0,"comment_status":"closed","ping_status":"closed","template":"","meta":{"footnotes":""},"class_list":["post-23896","page","type-page","status-publish","hentry"],"yoast_head":"<!-- This site is optimized with the Yoast SEO plugin v27.4 - https:\/\/yoast.com\/product\/yoast-seo-wordpress\/ -->\n<title>Proyectos integrales - CreaControl<\/title>\n<meta name=\"robots\" content=\"index, follow, max-snippet:-1, max-image-preview:large, max-video-preview:-1\" \/>\n<link rel=\"canonical\" href=\"https:\/\/creacontrol.es\/automatizacion-industrial\/ingenieria-de-automatizacion\/proyectos-integrales\/\" \/>\n<meta property=\"og:locale\" content=\"es_ES\" \/>\n<meta property=\"og:type\" content=\"article\" \/>\n<meta property=\"og:title\" content=\"Proyectos integrales - CreaControl\" \/>\n<meta property=\"og:description\" content=\"[vc_row full_width=\u00bbstretch_row\u00bb bg_type=\u00bbimage\u00bb bg_image_new=\u00bb24575&#8243; bg_image_repeat=\u00bbno-repeat\u00bb bg_override=\u00bbfull\u00bb parallax_content=\u00bboff\u00bb fadeout_row=\u00bboff\u00bb enable_overlay=\u00bboff\u00bb css=\u00bb.vc_custom_1684679302004{padding-top: 100px !important;padding-bottom: 100px !important;background-image: url(https:\/\/creacontrol.es\/wp-content\/uploads\/2019\/09\/cabecera_secciones_delgada.png?id=24575) !important;background-position: center !important;background-repeat: no-repeat !important;background-size: cover !important;}\u00bb el_class=\u00bbheader-page\u00bb][vc_column][\/vc_column][\/vc_row][vc_row css=\u00bb.vc_custom_1569251614354{padding-top: 20px !important;}\u00bb][vc_column width=\u00bb1\/2&#8243;][vc_single_image alignment=\u00bbcenter\u00bb image=\u00bb24027&#8243; css=\u00bb.vc_custom_1552629605509{margin-bottom: 0px !important;}\u00bb][\/vc_column][vc_column width=\u00bb1\/2&#8243;][vc_column_text]Nuestra empresa es capaz de desarrollar proyectos de gran alcance, ofreciendo al cliente la posibilidad de elegir proyectos llave en mano (armarios el\u00e9ctricos, ingenier\u00eda e instalaci\u00f3n el\u00e9ctrica yRead more\" \/>\n<meta property=\"og:url\" content=\"https:\/\/creacontrol.es\/automatizacion-industrial\/ingenieria-de-automatizacion\/proyectos-integrales\/\" \/>\n<meta property=\"og:site_name\" content=\"CreaControl\" \/>\n<meta property=\"article:modified_time\" content=\"2023-05-21T14:26:48+00:00\" \/>\n<meta name=\"twitter:card\" content=\"summary_large_image\" \/>\n<meta name=\"twitter:label1\" content=\"Tiempo de lectura\" \/>\n\t<meta name=\"twitter:data1\" content=\"2 minutos\" \/>\n<script type=\"application\/ld+json\" class=\"yoast-schema-graph\">{\"@context\":\"https:\\\/\\\/schema.org\",\"@graph\":[{\"@type\":\"WebPage\",\"@id\":\"https:\\\/\\\/creacontrol.es\\\/automatizacion-industrial\\\/ingenieria-de-automatizacion\\\/proyectos-integrales\\\/\",\"url\":\"https:\\\/\\\/creacontrol.es\\\/automatizacion-industrial\\\/ingenieria-de-automatizacion\\\/proyectos-integrales\\\/\",\"name\":\"Proyectos integrales - CreaControl\",\"isPartOf\":{\"@id\":\"https:\\\/\\\/creacontrol.es\\\/automatizacion-industrial\\\/#website\"},\"datePublished\":\"2019-03-12T20:40:06+00:00\",\"dateModified\":\"2023-05-21T14:26:48+00:00\",\"breadcrumb\":{\"@id\":\"https:\\\/\\\/creacontrol.es\\\/automatizacion-industrial\\\/ingenieria-de-automatizacion\\\/proyectos-integrales\\\/#breadcrumb\"},\"inLanguage\":\"es\",\"potentialAction\":[{\"@type\":\"ReadAction\",\"target\":[\"https:\\\/\\\/creacontrol.es\\\/automatizacion-industrial\\\/ingenieria-de-automatizacion\\\/proyectos-integrales\\\/\"]}]},{\"@type\":\"BreadcrumbList\",\"@id\":\"https:\\\/\\\/creacontrol.es\\\/automatizacion-industrial\\\/ingenieria-de-automatizacion\\\/proyectos-integrales\\\/#breadcrumb\",\"itemListElement\":[{\"@type\":\"ListItem\",\"position\":1,\"name\":\"Portada\",\"item\":\"https:\\\/\\\/creacontrol.es\\\/automatizacion-industrial\\\/\"},{\"@type\":\"ListItem\",\"position\":2,\"name\":\"Ingenier\u00eda de automatizaci\u00f3n\",\"item\":\"https:\\\/\\\/creacontrol.es\\\/automatizacion-industrial\\\/ingenieria-de-automatizacion\\\/\"},{\"@type\":\"ListItem\",\"position\":3,\"name\":\"Proyectos integrales\"}]},{\"@type\":\"WebSite\",\"@id\":\"https:\\\/\\\/creacontrol.es\\\/automatizacion-industrial\\\/#website\",\"url\":\"https:\\\/\\\/creacontrol.es\\\/automatizacion-industrial\\\/\",\"name\":\"CreaControl\",\"description\":\"Automatizaci\u00f3n industrial\",\"publisher\":{\"@id\":\"https:\\\/\\\/creacontrol.es\\\/automatizacion-industrial\\\/#organization\"},\"potentialAction\":[{\"@type\":\"SearchAction\",\"target\":{\"@type\":\"EntryPoint\",\"urlTemplate\":\"https:\\\/\\\/creacontrol.es\\\/automatizacion-industrial\\\/?s={search_term_string}\"},\"query-input\":{\"@type\":\"PropertyValueSpecification\",\"valueRequired\":true,\"valueName\":\"search_term_string\"}}],\"inLanguage\":\"es\"},{\"@type\":\"Organization\",\"@id\":\"https:\\\/\\\/creacontrol.es\\\/automatizacion-industrial\\\/#organization\",\"name\":\"CreaControl\",\"url\":\"https:\\\/\\\/creacontrol.es\\\/automatizacion-industrial\\\/\",\"logo\":{\"@type\":\"ImageObject\",\"inLanguage\":\"es\",\"@id\":\"https:\\\/\\\/creacontrol.es\\\/automatizacion-industrial\\\/#\\\/schema\\\/logo\\\/image\\\/\",\"url\":\"https:\\\/\\\/creacontrol.es\\\/wp-content\\\/uploads\\\/2022\\\/12\\\/Sin-titulo-1.jpg\",\"contentUrl\":\"https:\\\/\\\/creacontrol.es\\\/wp-content\\\/uploads\\\/2022\\\/12\\\/Sin-titulo-1.jpg\",\"width\":95,\"height\":27,\"caption\":\"CreaControl\"},\"image\":{\"@id\":\"https:\\\/\\\/creacontrol.es\\\/automatizacion-industrial\\\/#\\\/schema\\\/logo\\\/image\\\/\"}}]}<\/script>\n<!-- \/ Yoast SEO plugin. -->","yoast_head_json":{"title":"Proyectos integrales - CreaControl","robots":{"index":"index","follow":"follow","max-snippet":"max-snippet:-1","max-image-preview":"max-image-preview:large","max-video-preview":"max-video-preview:-1"},"canonical":"https:\/\/creacontrol.es\/automatizacion-industrial\/ingenieria-de-automatizacion\/proyectos-integrales\/","og_locale":"es_ES","og_type":"article","og_title":"Proyectos integrales - CreaControl","og_description":"[vc_row full_width=\u00bbstretch_row\u00bb bg_type=\u00bbimage\u00bb bg_image_new=\u00bb24575&#8243; bg_image_repeat=\u00bbno-repeat\u00bb bg_override=\u00bbfull\u00bb parallax_content=\u00bboff\u00bb fadeout_row=\u00bboff\u00bb enable_overlay=\u00bboff\u00bb css=\u00bb.vc_custom_1684679302004{padding-top: 100px !important;padding-bottom: 100px !important;background-image: url(https:\/\/creacontrol.es\/wp-content\/uploads\/2019\/09\/cabecera_secciones_delgada.png?id=24575) !important;background-position: center !important;background-repeat: no-repeat !important;background-size: cover !important;}\u00bb el_class=\u00bbheader-page\u00bb][vc_column][\/vc_column][\/vc_row][vc_row css=\u00bb.vc_custom_1569251614354{padding-top: 20px !important;}\u00bb][vc_column width=\u00bb1\/2&#8243;][vc_single_image alignment=\u00bbcenter\u00bb image=\u00bb24027&#8243; css=\u00bb.vc_custom_1552629605509{margin-bottom: 0px !important;}\u00bb][\/vc_column][vc_column width=\u00bb1\/2&#8243;][vc_column_text]Nuestra empresa es capaz de desarrollar proyectos de gran alcance, ofreciendo al cliente la posibilidad de elegir proyectos llave en mano (armarios el\u00e9ctricos, ingenier\u00eda e instalaci\u00f3n el\u00e9ctrica yRead more","og_url":"https:\/\/creacontrol.es\/automatizacion-industrial\/ingenieria-de-automatizacion\/proyectos-integrales\/","og_site_name":"CreaControl","article_modified_time":"2023-05-21T14:26:48+00:00","twitter_card":"summary_large_image","twitter_misc":{"Tiempo de lectura":"2 minutos"},"schema":{"@context":"https:\/\/schema.org","@graph":[{"@type":"WebPage","@id":"https:\/\/creacontrol.es\/automatizacion-industrial\/ingenieria-de-automatizacion\/proyectos-integrales\/","url":"https:\/\/creacontrol.es\/automatizacion-industrial\/ingenieria-de-automatizacion\/proyectos-integrales\/","name":"Proyectos integrales - CreaControl","isPartOf":{"@id":"https:\/\/creacontrol.es\/automatizacion-industrial\/#website"},"datePublished":"2019-03-12T20:40:06+00:00","dateModified":"2023-05-21T14:26:48+00:00","breadcrumb":{"@id":"https:\/\/creacontrol.es\/automatizacion-industrial\/ingenieria-de-automatizacion\/proyectos-integrales\/#breadcrumb"},"inLanguage":"es","potentialAction":[{"@type":"ReadAction","target":["https:\/\/creacontrol.es\/automatizacion-industrial\/ingenieria-de-automatizacion\/proyectos-integrales\/"]}]},{"@type":"BreadcrumbList","@id":"https:\/\/creacontrol.es\/automatizacion-industrial\/ingenieria-de-automatizacion\/proyectos-integrales\/#breadcrumb","itemListElement":[{"@type":"ListItem","position":1,"name":"Portada","item":"https:\/\/creacontrol.es\/automatizacion-industrial\/"},{"@type":"ListItem","position":2,"name":"Ingenier\u00eda de automatizaci\u00f3n","item":"https:\/\/creacontrol.es\/automatizacion-industrial\/ingenieria-de-automatizacion\/"},{"@type":"ListItem","position":3,"name":"Proyectos integrales"}]},{"@type":"WebSite","@id":"https:\/\/creacontrol.es\/automatizacion-industrial\/#website","url":"https:\/\/creacontrol.es\/automatizacion-industrial\/","name":"CreaControl","description":"Automatizaci\u00f3n industrial","publisher":{"@id":"https:\/\/creacontrol.es\/automatizacion-industrial\/#organization"},"potentialAction":[{"@type":"SearchAction","target":{"@type":"EntryPoint","urlTemplate":"https:\/\/creacontrol.es\/automatizacion-industrial\/?s={search_term_string}"},"query-input":{"@type":"PropertyValueSpecification","valueRequired":true,"valueName":"search_term_string"}}],"inLanguage":"es"},{"@type":"Organization","@id":"https:\/\/creacontrol.es\/automatizacion-industrial\/#organization","name":"CreaControl","url":"https:\/\/creacontrol.es\/automatizacion-industrial\/","logo":{"@type":"ImageObject","inLanguage":"es","@id":"https:\/\/creacontrol.es\/automatizacion-industrial\/#\/schema\/logo\/image\/","url":"https:\/\/creacontrol.es\/wp-content\/uploads\/2022\/12\/Sin-titulo-1.jpg","contentUrl":"https:\/\/creacontrol.es\/wp-content\/uploads\/2022\/12\/Sin-titulo-1.jpg","width":95,"height":27,"caption":"CreaControl"},"image":{"@id":"https:\/\/creacontrol.es\/automatizacion-industrial\/#\/schema\/logo\/image\/"}}]}},"_links":{"self":[{"href":"https:\/\/creacontrol.es\/automatizacion-industrial\/wp-json\/wp\/v2\/pages\/23896","targetHints":{"allow":["GET"]}}],"collection":[{"href":"https:\/\/creacontrol.es\/automatizacion-industrial\/wp-json\/wp\/v2\/pages"}],"about":[{"href":"https:\/\/creacontrol.es\/automatizacion-industrial\/wp-json\/wp\/v2\/types\/page"}],"author":[{"embeddable":true,"href":"https:\/\/creacontrol.es\/automatizacion-industrial\/wp-json\/wp\/v2\/users\/4"}],"replies":[{"embeddable":true,"href":"https:\/\/creacontrol.es\/automatizacion-industrial\/wp-json\/wp\/v2\/comments?post=23896"}],"version-history":[{"count":30,"href":"https:\/\/creacontrol.es\/automatizacion-industrial\/wp-json\/wp\/v2\/pages\/23896\/revisions"}],"predecessor-version":[{"id":24947,"href":"https:\/\/creacontrol.es\/automatizacion-industrial\/wp-json\/wp\/v2\/pages\/23896\/revisions\/24947"}],"up":[{"embeddable":true,"href":"https:\/\/creacontrol.es\/automatizacion-industrial\/wp-json\/wp\/v2\/pages\/23844"}],"wp:attachment":[{"href":"https:\/\/creacontrol.es\/automatizacion-industrial\/wp-json\/wp\/v2\/media?parent=23896"}],"curies":[{"name":"wp","href":"https:\/\/api.w.org\/{rel}","templated":true}]}}