{"id":23909,"date":"2019-03-12T21:57:23","date_gmt":"2019-03-12T20:57:23","guid":{"rendered":"http:\/\/creacontrol.es\/?page_id=23909"},"modified":"2023-05-21T16:32:12","modified_gmt":"2023-05-21T14:32:12","slug":"migraciones-y-actualizaciones","status":"publish","type":"page","link":"https:\/\/creacontrol.es\/automatizacion-industrial\/ingenieria-de-automatizacion\/migraciones-y-actualizaciones\/","title":{"rendered":"Migraciones y actualizaciones"},"content":{"rendered":"<div class=\"wpb-content-wrapper\"><p>[vc_row full_width=\u00bbstretch_row\u00bb bg_type=\u00bbimage\u00bb bg_image_new=\u00bb24575&#8243; bg_image_repeat=\u00bbno-repeat\u00bb bg_override=\u00bbfull\u00bb parallax_content=\u00bboff\u00bb fadeout_row=\u00bboff\u00bb enable_overlay=\u00bboff\u00bb css=\u00bb.vc_custom_1684679624210{padding-top: 100px !important;padding-bottom: 100px !important;background-image: url(https:\/\/creacontrol.es\/wp-content\/uploads\/2019\/09\/cabecera_secciones_delgada.png?id=24575) !important;background-position: center !important;background-repeat: no-repeat !important;background-size: cover !important;}\u00bb el_class=\u00bbheader-page\u00bb][vc_column]<h1 class=\"boc_heading  center  \"  style=\"margin-bottom: 10px;margin-top: 0px;color: #ffffff;\"><span>Migraciones y actualizaciones<\/span><\/h1>[\/vc_column][\/vc_row][vc_row css=\u00bb.vc_custom_1569252299632{padding-top: 20px !important;}\u00bb][vc_column width=\u00bb1\/2&#8243;][vc_single_image image=\u00bb24023&#8243; css=\u00bb.vc_custom_1569339489710{margin-bottom: 0px !important;}\u00bb][\/vc_column][vc_column width=\u00bb1\/2&#8243;]<h2 class=\"boc_heading bold al_left  \"  style=\"margin-bottom: 20px;margin-top: 0px;color: #333;\"><span>Migraciones y actualizaciones<\/span><\/h2>[vc_column_text]Dado el amplio conocimiento del equipo t\u00e9cnico de <span style=\"color: #ff8500;\"><strong>CreaControl<\/strong><\/span>. Realizamos con total garant\u00eda migraciones y actualizaciones de los sistemas de control con tecnolog\u00eda obsoleta. Analizamos en detalle la documentaci\u00f3n y programas originales para generar con todo ello un nuevo sistema de control y supervisi\u00f3n.<\/p>\n<p>Realizamos migraciones de sistemas obsoletos, tales como <span style=\"color: #ff8500;\"><strong>SIMATIC S5, Allen-Bradley PLC-5, SQUARE-D, etc.<\/strong><\/span> A sistemas totalmente actualizados, basados en controladores <span style=\"color: #ff8500;\"><strong>S7-400, S7-1500<\/strong><\/span>, ControlLogix, etc.[\/vc_column_text][\/vc_column][\/vc_row][vc_row][vc_column]<div class=\"boc_spacing \" style=\"height: 30px\"><\/div>[\/vc_column][\/vc_row][vc_row][vc_column width=\u00bb1\/2&#8243;][vc_column_text]Entendemos estas migraciones como algo integral. Nos hacemos cargo de todo el proyecto tanto a nivel <span style=\"color: #ff8500;\"><strong>software<\/strong><\/span>: an\u00e1lisis documental y del programa, dise\u00f1o de la nueva arquitectura de control y supervisi\u00f3n (PLC, SCADA\/HMI, redes de comunicaci\u00f3n). Como a nivel de <span style=\"color: #ff8500;\"><strong>hardware<\/strong><\/span>: Ingenier\u00eda el\u00e9ctrica y suministro de armarios de control, instalaci\u00f3n y Puesta en Marcha.<\/p>\n<p>Minimizamos el impacto sobre la producci\u00f3n de la planta. Para ello retiramos el sistema antiguo una vez que el nuevo haya sido completamente validado por el cliente.[\/vc_column_text][\/vc_column][vc_column width=\u00bb1\/2&#8243;][vc_single_image alignment=\u00bbcenter\u00bb image=\u00bb24025&#8243; css=\u00bb.vc_custom_1552629506255{margin-bottom: 0px !important;}\u00bb][\/vc_column][\/vc_row][vc_row full_width=\u00bbstretch_row_content_no_spaces\u00bb css=\u00bb.vc_custom_1552334084792{margin-bottom: 0px !important;}\u00bb][vc_column]<div class=\"boc_spacing \" style=\"height: 40px\"><\/div><div class=\"boc_divider_holder\"><div class=\"boc_divider  \"  style=\"margin-top: 20px;margin-bottom: 20px;height: 2px;background: #e5e5e5;\"><\/div><\/div>[\/vc_column][\/vc_row][vc_row css=\u00bb.vc_custom_1569252493503{padding-top: 60px !important;}\u00bb][vc_column]<h2 class=\"boc_heading bold texto-destacado center  \"  style=\"margin-bottom: 20px;margin-top: 0px;color: #333;\"><span><strong>Tecnolog\u00edas <\/strong> empleadas<\/span><\/h2><div class=\"img_carousel_holder tech owl_side_arrows\">\t<div class=\"img_carousel mfp_gallery\" id=\"img_carousel_3649\" style=\"opacity:0;\"><div class=\"img_carousel_item boc_owl_lazy\">\t<div class=\"pic \">\r\n\t\t\t\t\t\t\t\t<a href=\"javascript:void(0)\" class=\"\"  target=\"_self\">\r\n\t\t\t\t\t\t\t\t\t<img decoding=\"async\" src=\"https:\/\/creacontrol.es\/wp-content\/uploads\/2019\/03\/logo-rockwell.png\" alt=\"\" \/>\r\n\t\t\t\t\t\t\t\t<\/a>\r\n\t\t\t\t\t\t\t<\/div>\r\n\t\t\t\t\t\t<\/div><div class=\"img_carousel_item boc_owl_lazy\">\t<div class=\"pic \">\r\n\t\t\t\t\t\t\t\t<a href=\"javascript:void(0)\" class=\"\"  target=\"_self\">\r\n\t\t\t\t\t\t\t\t\t<img decoding=\"async\" src=\"https:\/\/creacontrol.es\/wp-content\/uploads\/2019\/03\/logo-siemens.png\" alt=\"\" \/>\r\n\t\t\t\t\t\t\t\t<\/a>\r\n\t\t\t\t\t\t\t<\/div>\r\n\t\t\t\t\t\t<\/div><div class=\"img_carousel_item boc_owl_lazy\">\t<div class=\"pic \">\r\n\t\t\t\t\t\t\t\t<a href=\"javascript:void(0)\" class=\"\"  target=\"_self\">\r\n\t\t\t\t\t\t\t\t\t<img decoding=\"async\" src=\"https:\/\/creacontrol.es\/wp-content\/uploads\/2019\/03\/logo-omron.png\" alt=\"\" \/>\r\n\t\t\t\t\t\t\t\t<\/a>\r\n\t\t\t\t\t\t\t<\/div>\r\n\t\t\t\t\t\t<\/div><div class=\"img_carousel_item boc_owl_lazy\">\t<div class=\"pic \">\r\n\t\t\t\t\t\t\t\t<a href=\"javascript:void(0)\" class=\"\"  target=\"_self\">\r\n\t\t\t\t\t\t\t\t\t<img decoding=\"async\" src=\"https:\/\/creacontrol.es\/wp-content\/uploads\/2019\/03\/logo-schneider.png\" alt=\"\" \/>\r\n\t\t\t\t\t\t\t\t<\/a>\r\n\t\t\t\t\t\t\t<\/div>\r\n\t\t\t\t\t\t<\/div><div class=\"img_carousel_item boc_owl_lazy\">\t<div class=\"pic \">\r\n\t\t\t\t\t\t\t\t<a href=\"javascript:void(0)\" class=\"\"  target=\"_self\">\r\n\t\t\t\t\t\t\t\t\t<img decoding=\"async\" src=\"https:\/\/creacontrol.es\/wp-content\/uploads\/2019\/03\/logo-unitronics.png\" alt=\"\" \/>\r\n\t\t\t\t\t\t\t\t<\/a>\r\n\t\t\t\t\t\t\t<\/div>\r\n\t\t\t\t\t\t<\/div><div class=\"img_carousel_item boc_owl_lazy\">\t<div class=\"pic \">\r\n\t\t\t\t\t\t\t\t<a href=\"javascript:void(0)\" class=\"\"  target=\"_self\">\r\n\t\t\t\t\t\t\t\t\t<img decoding=\"async\" src=\"https:\/\/creacontrol.es\/wp-content\/uploads\/2019\/03\/logo-wonderware.png\" alt=\"\" \/>\r\n\t\t\t\t\t\t\t\t<\/a>\r\n\t\t\t\t\t\t\t<\/div>\r\n\t\t\t\t\t\t<\/div><div class=\"img_carousel_item boc_owl_lazy\">\t<div class=\"pic \">\r\n\t\t\t\t\t\t\t\t<a href=\"javascript:void(0)\" class=\"\"  target=\"_self\">\r\n\t\t\t\t\t\t\t\t\t<img decoding=\"async\" src=\"https:\/\/creacontrol.es\/wp-content\/uploads\/2019\/03\/logo-prosoft.png\" alt=\"\" \/>\r\n\t\t\t\t\t\t\t\t<\/a>\r\n\t\t\t\t\t\t\t<\/div>\r\n\t\t\t\t\t\t<\/div><div class=\"img_carousel_item boc_owl_lazy\">\t<div class=\"pic \">\r\n\t\t\t\t\t\t\t\t<a href=\"javascript:void(0)\" class=\"\"  target=\"_self\">\r\n\t\t\t\t\t\t\t\t\t<img decoding=\"async\" src=\"https:\/\/creacontrol.es\/wp-content\/uploads\/2019\/03\/logo-anybus.png\" alt=\"\" \/>\r\n\t\t\t\t\t\t\t\t<\/a>\r\n\t\t\t\t\t\t\t<\/div>\r\n\t\t\t\t\t\t<\/div><div class=\"img_carousel_item boc_owl_lazy\">\t<div class=\"pic \">\r\n\t\t\t\t\t\t\t\t<a href=\"javascript:void(0)\" class=\"\"  target=\"_self\">\r\n\t\t\t\t\t\t\t\t\t<img decoding=\"async\" src=\"https:\/\/creacontrol.es\/wp-content\/uploads\/2019\/03\/logo-opc.png\" alt=\"\" \/>\r\n\t\t\t\t\t\t\t\t<\/a>\r\n\t\t\t\t\t\t\t<\/div>\r\n\t\t\t\t\t\t<\/div><div class=\"img_carousel_item boc_owl_lazy\">\t<div class=\"pic \">\r\n\t\t\t\t\t\t\t\t<a href=\"javascript:void(0)\" class=\"\"  target=\"_self\">\r\n\t\t\t\t\t\t\t\t\t<img decoding=\"async\" src=\"https:\/\/creacontrol.es\/wp-content\/uploads\/2019\/09\/logo_Ewon_peq.png\" alt=\"\" \/>\r\n\t\t\t\t\t\t\t\t<\/a>\r\n\t\t\t\t\t\t\t<\/div>\r\n\t\t\t\t\t\t<\/div><\/div>\r\n\t\t\t\t <\/div>\r\n\t\t\t\t\t<!-- Image Slider -->\r\n\t\t\t\t\t<script type=\"text\/javascript\">\r\n\r\n\t\t\t\t\t\tjQuery(document).ready(function($) {\r\n\t\t\t\t\t\t\t\r\n\t\t\t\t\t\t\tvar carousel = jQuery(\"#img_carousel_3649\");\r\n\t\t\t\t\t\t\t\r\n\t\t\t\t\t\t\tvar args = {\r\n\t\t\t\t\t\t\t\t\titems: \t\t\t\t5,\r\n\t\t\t\t\t\t\t\t\tslideBy: \t\t\t5,\t\t\t\t\t\t\r\n\t\t\t\t\t\t\t\t\tautoplay:\t\t\ttrue,\r\n\t\t\t\t\t\t\t\t\tautoplayTimeout:\t4000,\r\n\t\t\t\t\t\t\t\t\tnav: \t\t\t\ttrue,\r\n\t\t\t\t\t\t\t\t\tdots: \t\t\t\tfalse,\r\n\t\t\t\t\t\t\t\t\tloop: \t\t\t\ttrue,\r\n\t\t\t\t\t\t\t\t\tsmartSpeed:\t\t\t500,\r\n\t\t\t\t\t\t\t\t\tnavText:\t\t\t[\"<span class='icon  icon-angle-left-circle'><\/span>\",\"<span class='icon icon-angle-right-circle'><\/span>\"],\r\n\t\t\t\t\t\t\t\t\tnavRewind: \t\t\tfalse,\r\n\t\t\t\t\t\t\t\t\trtl : \t\t\t\tfalse,\r\n\t\t\t\t\t\t\t\t\tmargin: \t\t\t25,\r\n\t\t\t\t\t\t\t\t\tresponsive:{\r\n\t\t\t\t\t\t\t\t\t\t0:{\r\n\t\t\t\t\t\t\t\t\t\t  items:1,\r\n\t\t\t\t\t\t\t\t\t\t},\r\n\t\t\t\t\t\t\t\t\t\t480:{\r\n\t\t\t\t\t\t\t\t\t\t  items:1,\r\n\t\t\t\t\t\t\t\t\t\t  margin:20,\r\n\t\t\t\t\t\t\t\t\t\t},\r\n\t\t\t\t\t\t\t\t\t\t769:{\r\n\t\t\t\t\t\t\t\t\t\t  items:5\r\n\t\t\t\t\t\t\t\t\t\t}\r\n\t\t\t\t\t\t\t\t\t},\r\n\t\t\t\t\t\t\t\t\tonInitialized: showCarousel_3649\r\n\t\t\t\t\t\t\t};\r\n\t\t\t\t\t\t\t\r\n\t\t\t\t\t\t\tcarousel.owlCarousel(args);\r\n\r\n\t\t\t\t\t\t\tvar initital_width = carousel.css(\"width\");\t\t\r\n\t\t\t\t\t\t\t\t\r\n\t\t\t\t\t\t\t\/* Refresh it for full width rows *\/\r\n\t\t\t\t\t\t\t$(window).load(function(){\r\n\t\t\t\t\t\t\t\tif(carousel.css(\"width\") != initital_width) {\r\n\t\t\t\t\t\t\t\t\tcarousel.trigger(\"destroy.owl.carousel\").removeClass(\"owl-carousel owl-loaded\");\r\n\t\t\t\t\t\t\t\t\tcarousel.find(\".owl-stage-outer\").children().unwrap();\r\n\t\t\t\t\t\t\t\t\tcarousel.owlCarousel(args);\r\n\t\t\t\t\t\t\t\t}\r\n\t\t\t\t\t\t\t});\r\n\t\t\t\t\t\t\t\r\n\t\t\t\t\t\t\t\/* Show once loaded *\/\r\n\t\t\t\t\t\t\tfunction showCarousel_3649() {\r\n\t\t\t\t\t\t\t\tcarousel.fadeTo(0,1);\r\n\t\t\t\t\t\t\t\t$(\"#img_carousel_3649 .owl-item .boc_owl_lazy\").css(\"opacity\",\"1\");\r\n\t\t\t\t\t\t\t}\r\n\t\t\t\t\t\t});\r\n\t\t\t\t\t\t\r\n\t\t\t\t\t<\/script>\r\n\t\t\t\t\t<!-- Image Slider :: END -->[\/vc_column][\/vc_row]<\/p>\n<\/div>","protected":false},"excerpt":{"rendered":"<p>[vc_row full_width=\u00bbstretch_row\u00bb bg_type=\u00bbimage\u00bb bg_image_new=\u00bb24575&#8243; bg_image_repeat=\u00bbno-repeat\u00bb bg_override=\u00bbfull\u00bb parallax_content=\u00bboff\u00bb fadeout_row=\u00bboff\u00bb enable_overlay=\u00bboff\u00bb css=\u00bb.vc_custom_1684679624210{padding-top: 100px !important;padding-bottom: 100px !important;background-image: url(https:\/\/creacontrol.es\/wp-content\/uploads\/2019\/09\/cabecera_secciones_delgada.png?id=24575) !important;background-position: center !important;background-repeat: no-repeat !important;background-size: cover !important;}\u00bb el_class=\u00bbheader-page\u00bb][vc_column][\/vc_column][\/vc_row][vc_row css=\u00bb.vc_custom_1569252299632{padding-top: 20px !important;}\u00bb][vc_column width=\u00bb1\/2&#8243;][vc_single_image image=\u00bb24023&#8243; css=\u00bb.vc_custom_1569339489710{margin-bottom: 0px !important;}\u00bb][\/vc_column][vc_column width=\u00bb1\/2&#8243;][vc_column_text]Dado el amplio conocimiento del equipo t\u00e9cnico de CreaControl. Realizamos con total garant\u00eda migraciones y actualizaciones de los sistemas de control con tecnolog\u00eda obsoleta. Analizamos en detalle la documentaci\u00f3n<\/p>\n<div class=\"h10\"><\/div>\n<p><a class=\"more-link1\" href=\"https:\/\/creacontrol.es\/automatizacion-industrial\/ingenieria-de-automatizacion\/migraciones-y-actualizaciones\/\">Read more<\/a><\/p>\n","protected":false},"author":4,"featured_media":0,"parent":23844,"menu_order":0,"comment_status":"closed","ping_status":"closed","template":"","meta":{"footnotes":""},"class_list":["post-23909","page","type-page","status-publish","hentry"],"yoast_head":"<!-- This site is optimized with the Yoast SEO plugin v27.4 - https:\/\/yoast.com\/product\/yoast-seo-wordpress\/ -->\n<title>Migraciones y actualizaciones - CreaControl<\/title>\n<meta name=\"robots\" content=\"index, follow, max-snippet:-1, max-image-preview:large, max-video-preview:-1\" \/>\n<link rel=\"canonical\" href=\"https:\/\/creacontrol.es\/automatizacion-industrial\/ingenieria-de-automatizacion\/migraciones-y-actualizaciones\/\" \/>\n<meta property=\"og:locale\" content=\"es_ES\" \/>\n<meta property=\"og:type\" content=\"article\" \/>\n<meta property=\"og:title\" content=\"Migraciones y actualizaciones - CreaControl\" \/>\n<meta property=\"og:description\" content=\"[vc_row full_width=\u00bbstretch_row\u00bb bg_type=\u00bbimage\u00bb bg_image_new=\u00bb24575&#8243; bg_image_repeat=\u00bbno-repeat\u00bb bg_override=\u00bbfull\u00bb parallax_content=\u00bboff\u00bb fadeout_row=\u00bboff\u00bb enable_overlay=\u00bboff\u00bb css=\u00bb.vc_custom_1684679624210{padding-top: 100px !important;padding-bottom: 100px !important;background-image: url(https:\/\/creacontrol.es\/wp-content\/uploads\/2019\/09\/cabecera_secciones_delgada.png?id=24575) !important;background-position: center !important;background-repeat: no-repeat !important;background-size: cover !important;}\u00bb el_class=\u00bbheader-page\u00bb][vc_column][\/vc_column][\/vc_row][vc_row css=\u00bb.vc_custom_1569252299632{padding-top: 20px !important;}\u00bb][vc_column width=\u00bb1\/2&#8243;][vc_single_image image=\u00bb24023&#8243; css=\u00bb.vc_custom_1569339489710{margin-bottom: 0px !important;}\u00bb][\/vc_column][vc_column width=\u00bb1\/2&#8243;][vc_column_text]Dado el amplio conocimiento del equipo t\u00e9cnico de CreaControl. Realizamos con total garant\u00eda migraciones y actualizaciones de los sistemas de control con tecnolog\u00eda obsoleta. Analizamos en detalle la documentaci\u00f3nRead more\" \/>\n<meta property=\"og:url\" content=\"https:\/\/creacontrol.es\/automatizacion-industrial\/ingenieria-de-automatizacion\/migraciones-y-actualizaciones\/\" \/>\n<meta property=\"og:site_name\" content=\"CreaControl\" \/>\n<meta property=\"article:modified_time\" content=\"2023-05-21T14:32:12+00:00\" \/>\n<meta name=\"twitter:card\" content=\"summary_large_image\" \/>\n<meta name=\"twitter:label1\" content=\"Tiempo de lectura\" \/>\n\t<meta name=\"twitter:data1\" content=\"1 minuto\" \/>\n<script type=\"application\/ld+json\" class=\"yoast-schema-graph\">{\"@context\":\"https:\\\/\\\/schema.org\",\"@graph\":[{\"@type\":\"WebPage\",\"@id\":\"https:\\\/\\\/creacontrol.es\\\/automatizacion-industrial\\\/ingenieria-de-automatizacion\\\/migraciones-y-actualizaciones\\\/\",\"url\":\"https:\\\/\\\/creacontrol.es\\\/automatizacion-industrial\\\/ingenieria-de-automatizacion\\\/migraciones-y-actualizaciones\\\/\",\"name\":\"Migraciones y actualizaciones - CreaControl\",\"isPartOf\":{\"@id\":\"https:\\\/\\\/creacontrol.es\\\/automatizacion-industrial\\\/#website\"},\"datePublished\":\"2019-03-12T20:57:23+00:00\",\"dateModified\":\"2023-05-21T14:32:12+00:00\",\"breadcrumb\":{\"@id\":\"https:\\\/\\\/creacontrol.es\\\/automatizacion-industrial\\\/ingenieria-de-automatizacion\\\/migraciones-y-actualizaciones\\\/#breadcrumb\"},\"inLanguage\":\"es\",\"potentialAction\":[{\"@type\":\"ReadAction\",\"target\":[\"https:\\\/\\\/creacontrol.es\\\/automatizacion-industrial\\\/ingenieria-de-automatizacion\\\/migraciones-y-actualizaciones\\\/\"]}]},{\"@type\":\"BreadcrumbList\",\"@id\":\"https:\\\/\\\/creacontrol.es\\\/automatizacion-industrial\\\/ingenieria-de-automatizacion\\\/migraciones-y-actualizaciones\\\/#breadcrumb\",\"itemListElement\":[{\"@type\":\"ListItem\",\"position\":1,\"name\":\"Portada\",\"item\":\"https:\\\/\\\/creacontrol.es\\\/automatizacion-industrial\\\/\"},{\"@type\":\"ListItem\",\"position\":2,\"name\":\"Ingenier\u00eda de automatizaci\u00f3n\",\"item\":\"https:\\\/\\\/creacontrol.es\\\/automatizacion-industrial\\\/ingenieria-de-automatizacion\\\/\"},{\"@type\":\"ListItem\",\"position\":3,\"name\":\"Migraciones y actualizaciones\"}]},{\"@type\":\"WebSite\",\"@id\":\"https:\\\/\\\/creacontrol.es\\\/automatizacion-industrial\\\/#website\",\"url\":\"https:\\\/\\\/creacontrol.es\\\/automatizacion-industrial\\\/\",\"name\":\"CreaControl\",\"description\":\"Automatizaci\u00f3n industrial\",\"publisher\":{\"@id\":\"https:\\\/\\\/creacontrol.es\\\/automatizacion-industrial\\\/#organization\"},\"potentialAction\":[{\"@type\":\"SearchAction\",\"target\":{\"@type\":\"EntryPoint\",\"urlTemplate\":\"https:\\\/\\\/creacontrol.es\\\/automatizacion-industrial\\\/?s={search_term_string}\"},\"query-input\":{\"@type\":\"PropertyValueSpecification\",\"valueRequired\":true,\"valueName\":\"search_term_string\"}}],\"inLanguage\":\"es\"},{\"@type\":\"Organization\",\"@id\":\"https:\\\/\\\/creacontrol.es\\\/automatizacion-industrial\\\/#organization\",\"name\":\"CreaControl\",\"url\":\"https:\\\/\\\/creacontrol.es\\\/automatizacion-industrial\\\/\",\"logo\":{\"@type\":\"ImageObject\",\"inLanguage\":\"es\",\"@id\":\"https:\\\/\\\/creacontrol.es\\\/automatizacion-industrial\\\/#\\\/schema\\\/logo\\\/image\\\/\",\"url\":\"https:\\\/\\\/creacontrol.es\\\/wp-content\\\/uploads\\\/2022\\\/12\\\/Sin-titulo-1.jpg\",\"contentUrl\":\"https:\\\/\\\/creacontrol.es\\\/wp-content\\\/uploads\\\/2022\\\/12\\\/Sin-titulo-1.jpg\",\"width\":95,\"height\":27,\"caption\":\"CreaControl\"},\"image\":{\"@id\":\"https:\\\/\\\/creacontrol.es\\\/automatizacion-industrial\\\/#\\\/schema\\\/logo\\\/image\\\/\"}}]}<\/script>\n<!-- \/ Yoast SEO plugin. -->","yoast_head_json":{"title":"Migraciones y actualizaciones - CreaControl","robots":{"index":"index","follow":"follow","max-snippet":"max-snippet:-1","max-image-preview":"max-image-preview:large","max-video-preview":"max-video-preview:-1"},"canonical":"https:\/\/creacontrol.es\/automatizacion-industrial\/ingenieria-de-automatizacion\/migraciones-y-actualizaciones\/","og_locale":"es_ES","og_type":"article","og_title":"Migraciones y actualizaciones - CreaControl","og_description":"[vc_row full_width=\u00bbstretch_row\u00bb bg_type=\u00bbimage\u00bb bg_image_new=\u00bb24575&#8243; bg_image_repeat=\u00bbno-repeat\u00bb bg_override=\u00bbfull\u00bb parallax_content=\u00bboff\u00bb fadeout_row=\u00bboff\u00bb enable_overlay=\u00bboff\u00bb css=\u00bb.vc_custom_1684679624210{padding-top: 100px !important;padding-bottom: 100px !important;background-image: url(https:\/\/creacontrol.es\/wp-content\/uploads\/2019\/09\/cabecera_secciones_delgada.png?id=24575) !important;background-position: center !important;background-repeat: no-repeat !important;background-size: cover !important;}\u00bb el_class=\u00bbheader-page\u00bb][vc_column][\/vc_column][\/vc_row][vc_row css=\u00bb.vc_custom_1569252299632{padding-top: 20px !important;}\u00bb][vc_column width=\u00bb1\/2&#8243;][vc_single_image image=\u00bb24023&#8243; css=\u00bb.vc_custom_1569339489710{margin-bottom: 0px !important;}\u00bb][\/vc_column][vc_column width=\u00bb1\/2&#8243;][vc_column_text]Dado el amplio conocimiento del equipo t\u00e9cnico de CreaControl. Realizamos con total garant\u00eda migraciones y actualizaciones de los sistemas de control con tecnolog\u00eda obsoleta. Analizamos en detalle la documentaci\u00f3nRead more","og_url":"https:\/\/creacontrol.es\/automatizacion-industrial\/ingenieria-de-automatizacion\/migraciones-y-actualizaciones\/","og_site_name":"CreaControl","article_modified_time":"2023-05-21T14:32:12+00:00","twitter_card":"summary_large_image","twitter_misc":{"Tiempo de lectura":"1 minuto"},"schema":{"@context":"https:\/\/schema.org","@graph":[{"@type":"WebPage","@id":"https:\/\/creacontrol.es\/automatizacion-industrial\/ingenieria-de-automatizacion\/migraciones-y-actualizaciones\/","url":"https:\/\/creacontrol.es\/automatizacion-industrial\/ingenieria-de-automatizacion\/migraciones-y-actualizaciones\/","name":"Migraciones y actualizaciones - CreaControl","isPartOf":{"@id":"https:\/\/creacontrol.es\/automatizacion-industrial\/#website"},"datePublished":"2019-03-12T20:57:23+00:00","dateModified":"2023-05-21T14:32:12+00:00","breadcrumb":{"@id":"https:\/\/creacontrol.es\/automatizacion-industrial\/ingenieria-de-automatizacion\/migraciones-y-actualizaciones\/#breadcrumb"},"inLanguage":"es","potentialAction":[{"@type":"ReadAction","target":["https:\/\/creacontrol.es\/automatizacion-industrial\/ingenieria-de-automatizacion\/migraciones-y-actualizaciones\/"]}]},{"@type":"BreadcrumbList","@id":"https:\/\/creacontrol.es\/automatizacion-industrial\/ingenieria-de-automatizacion\/migraciones-y-actualizaciones\/#breadcrumb","itemListElement":[{"@type":"ListItem","position":1,"name":"Portada","item":"https:\/\/creacontrol.es\/automatizacion-industrial\/"},{"@type":"ListItem","position":2,"name":"Ingenier\u00eda de automatizaci\u00f3n","item":"https:\/\/creacontrol.es\/automatizacion-industrial\/ingenieria-de-automatizacion\/"},{"@type":"ListItem","position":3,"name":"Migraciones y actualizaciones"}]},{"@type":"WebSite","@id":"https:\/\/creacontrol.es\/automatizacion-industrial\/#website","url":"https:\/\/creacontrol.es\/automatizacion-industrial\/","name":"CreaControl","description":"Automatizaci\u00f3n industrial","publisher":{"@id":"https:\/\/creacontrol.es\/automatizacion-industrial\/#organization"},"potentialAction":[{"@type":"SearchAction","target":{"@type":"EntryPoint","urlTemplate":"https:\/\/creacontrol.es\/automatizacion-industrial\/?s={search_term_string}"},"query-input":{"@type":"PropertyValueSpecification","valueRequired":true,"valueName":"search_term_string"}}],"inLanguage":"es"},{"@type":"Organization","@id":"https:\/\/creacontrol.es\/automatizacion-industrial\/#organization","name":"CreaControl","url":"https:\/\/creacontrol.es\/automatizacion-industrial\/","logo":{"@type":"ImageObject","inLanguage":"es","@id":"https:\/\/creacontrol.es\/automatizacion-industrial\/#\/schema\/logo\/image\/","url":"https:\/\/creacontrol.es\/wp-content\/uploads\/2022\/12\/Sin-titulo-1.jpg","contentUrl":"https:\/\/creacontrol.es\/wp-content\/uploads\/2022\/12\/Sin-titulo-1.jpg","width":95,"height":27,"caption":"CreaControl"},"image":{"@id":"https:\/\/creacontrol.es\/automatizacion-industrial\/#\/schema\/logo\/image\/"}}]}},"_links":{"self":[{"href":"https:\/\/creacontrol.es\/automatizacion-industrial\/wp-json\/wp\/v2\/pages\/23909","targetHints":{"allow":["GET"]}}],"collection":[{"href":"https:\/\/creacontrol.es\/automatizacion-industrial\/wp-json\/wp\/v2\/pages"}],"about":[{"href":"https:\/\/creacontrol.es\/automatizacion-industrial\/wp-json\/wp\/v2\/types\/page"}],"author":[{"embeddable":true,"href":"https:\/\/creacontrol.es\/automatizacion-industrial\/wp-json\/wp\/v2\/users\/4"}],"replies":[{"embeddable":true,"href":"https:\/\/creacontrol.es\/automatizacion-industrial\/wp-json\/wp\/v2\/comments?post=23909"}],"version-history":[{"count":31,"href":"https:\/\/creacontrol.es\/automatizacion-industrial\/wp-json\/wp\/v2\/pages\/23909\/revisions"}],"predecessor-version":[{"id":24949,"href":"https:\/\/creacontrol.es\/automatizacion-industrial\/wp-json\/wp\/v2\/pages\/23909\/revisions\/24949"}],"up":[{"embeddable":true,"href":"https:\/\/creacontrol.es\/automatizacion-industrial\/wp-json\/wp\/v2\/pages\/23844"}],"wp:attachment":[{"href":"https:\/\/creacontrol.es\/automatizacion-industrial\/wp-json\/wp\/v2\/media?parent=23909"}],"curies":[{"name":"wp","href":"https:\/\/api.w.org\/{rel}","templated":true}]}}