{"id":23915,"date":"2019-03-12T22:04:14","date_gmt":"2019-03-12T21:04:14","guid":{"rendered":"http:\/\/creacontrol.es\/?page_id=23915"},"modified":"2023-05-21T16:34:53","modified_gmt":"2023-05-21T14:34:53","slug":"fabricantes-de-maquinaria","status":"publish","type":"page","link":"https:\/\/creacontrol.es\/automatizacion-industrial\/ingenieria-de-automatizacion\/fabricantes-de-maquinaria\/","title":{"rendered":"Fabricantes de maquinaria"},"content":{"rendered":"<div class=\"wpb-content-wrapper\"><p>[vc_row full_width=\u00bbstretch_row\u00bb bg_type=\u00bbimage\u00bb bg_image_new=\u00bb24575&#8243; bg_image_repeat=\u00bbno-repeat\u00bb bg_override=\u00bbfull\u00bb parallax_content=\u00bboff\u00bb fadeout_row=\u00bboff\u00bb enable_overlay=\u00bboff\u00bb css=\u00bb.vc_custom_1684679786557{padding-top: 100px !important;padding-bottom: 100px !important;background-image: url(https:\/\/creacontrol.es\/wp-content\/uploads\/2019\/09\/cabecera_secciones_delgada.png?id=24575) !important;background-position: center !important;background-repeat: no-repeat !important;background-size: cover !important;}\u00bb el_class=\u00bbheader-page\u00bb][vc_column]<h1 class=\"boc_heading  center  \"  style=\"margin-bottom: 10px;margin-top: 0px;color: #ffffff;\"><span>Fabricantes de maquinaria<\/span><\/h1>[\/vc_column][\/vc_row][vc_row css=\u00bb.vc_custom_1569253303398{padding-top: 20px !important;}\u00bb][vc_column width=\u00bb1\/2&#8243;][vc_single_image image=\u00bb24391&#8243; css=\u00bb.vc_custom_1567410243619{margin-bottom: 0px !important;}\u00bb][\/vc_column][vc_column width=\u00bb1\/2&#8243;]<h2 class=\"boc_heading bold al_left  \"  style=\"margin-bottom: 20px;margin-top: 0px;color: #333;\"><span>Fabricantes de maquinaria<\/span><\/h2>[vc_column_text]Nuestra empresa ofrece a fabricantes <span style=\"color: #ff8500;\"><strong>OEM<\/strong><\/span>\u00a0la posibilidad de desarrollar programas<strong> <span style=\"color: #ff8500;\">PLC, SCADA o HMI<\/span><\/strong>\u00a0bajo demanda, siguiendo las indicaciones de ingenier\u00eda del cliente, adem\u00e1s de brindar soporte al dise\u00f1o de la arquitectura, en funci\u00f3n de las necesidades reales de la m\u00e1quina: se\u00f1ales r\u00e1pidas, comunicaci\u00f3n con actuadores, comunicaci\u00f3n con el exterior, etc.<br \/>\nAdem\u00e1s, ofrecemos soporte remoto del sistema, lo que permite al fabricante sentirse respaldado en las primeras fases de operaci\u00f3n de la m\u00e1quina.[\/vc_column_text][\/vc_column][\/vc_row]<\/p>\n<\/div>","protected":false},"excerpt":{"rendered":"<p>[vc_row full_width=\u00bbstretch_row\u00bb bg_type=\u00bbimage\u00bb bg_image_new=\u00bb24575&#8243; bg_image_repeat=\u00bbno-repeat\u00bb bg_override=\u00bbfull\u00bb parallax_content=\u00bboff\u00bb fadeout_row=\u00bboff\u00bb enable_overlay=\u00bboff\u00bb css=\u00bb.vc_custom_1684679786557{padding-top: 100px !important;padding-bottom: 100px !important;background-image: url(https:\/\/creacontrol.es\/wp-content\/uploads\/2019\/09\/cabecera_secciones_delgada.png?id=24575) !important;background-position: center !important;background-repeat: no-repeat !important;background-size: cover !important;}\u00bb el_class=\u00bbheader-page\u00bb][vc_column][\/vc_column][\/vc_row][vc_row css=\u00bb.vc_custom_1569253303398{padding-top: 20px !important;}\u00bb][vc_column width=\u00bb1\/2&#8243;][vc_single_image image=\u00bb24391&#8243; css=\u00bb.vc_custom_1567410243619{margin-bottom: 0px !important;}\u00bb][\/vc_column][vc_column width=\u00bb1\/2&#8243;][vc_column_text]Nuestra empresa ofrece a fabricantes OEM\u00a0la posibilidad de desarrollar programas PLC, SCADA o HMI\u00a0bajo demanda, siguiendo las indicaciones de ingenier\u00eda del cliente, adem\u00e1s de brindar soporte al dise\u00f1o de<\/p>\n<div class=\"h10\"><\/div>\n<p><a class=\"more-link1\" href=\"https:\/\/creacontrol.es\/automatizacion-industrial\/ingenieria-de-automatizacion\/fabricantes-de-maquinaria\/\">Read more<\/a><\/p>\n","protected":false},"author":4,"featured_media":0,"parent":23844,"menu_order":0,"comment_status":"closed","ping_status":"closed","template":"","meta":{"footnotes":""},"class_list":["post-23915","page","type-page","status-publish","hentry"],"yoast_head":"<!-- This site is optimized with the Yoast SEO plugin v27.4 - https:\/\/yoast.com\/product\/yoast-seo-wordpress\/ -->\n<title>Fabricantes de maquinaria - CreaControl<\/title>\n<meta name=\"robots\" content=\"index, follow, max-snippet:-1, max-image-preview:large, max-video-preview:-1\" \/>\n<link rel=\"canonical\" href=\"https:\/\/creacontrol.es\/automatizacion-industrial\/ingenieria-de-automatizacion\/fabricantes-de-maquinaria\/\" \/>\n<meta property=\"og:locale\" content=\"es_ES\" \/>\n<meta property=\"og:type\" content=\"article\" \/>\n<meta property=\"og:title\" content=\"Fabricantes de maquinaria - CreaControl\" \/>\n<meta property=\"og:description\" content=\"[vc_row full_width=\u00bbstretch_row\u00bb bg_type=\u00bbimage\u00bb bg_image_new=\u00bb24575&#8243; bg_image_repeat=\u00bbno-repeat\u00bb bg_override=\u00bbfull\u00bb parallax_content=\u00bboff\u00bb fadeout_row=\u00bboff\u00bb enable_overlay=\u00bboff\u00bb css=\u00bb.vc_custom_1684679786557{padding-top: 100px !important;padding-bottom: 100px !important;background-image: url(https:\/\/creacontrol.es\/wp-content\/uploads\/2019\/09\/cabecera_secciones_delgada.png?id=24575) !important;background-position: center !important;background-repeat: no-repeat !important;background-size: cover !important;}\u00bb el_class=\u00bbheader-page\u00bb][vc_column][\/vc_column][\/vc_row][vc_row css=\u00bb.vc_custom_1569253303398{padding-top: 20px !important;}\u00bb][vc_column width=\u00bb1\/2&#8243;][vc_single_image image=\u00bb24391&#8243; css=\u00bb.vc_custom_1567410243619{margin-bottom: 0px !important;}\u00bb][\/vc_column][vc_column width=\u00bb1\/2&#8243;][vc_column_text]Nuestra empresa ofrece a fabricantes OEM\u00a0la posibilidad de desarrollar programas PLC, SCADA o HMI\u00a0bajo demanda, siguiendo las indicaciones de ingenier\u00eda del cliente, adem\u00e1s de brindar soporte al dise\u00f1o deRead more\" \/>\n<meta property=\"og:url\" content=\"https:\/\/creacontrol.es\/automatizacion-industrial\/ingenieria-de-automatizacion\/fabricantes-de-maquinaria\/\" \/>\n<meta property=\"og:site_name\" content=\"CreaControl\" \/>\n<meta property=\"article:modified_time\" content=\"2023-05-21T14:34:53+00:00\" \/>\n<meta name=\"twitter:card\" content=\"summary_large_image\" \/>\n<meta name=\"twitter:label1\" content=\"Tiempo de lectura\" \/>\n\t<meta name=\"twitter:data1\" content=\"1 minuto\" \/>\n<script type=\"application\/ld+json\" class=\"yoast-schema-graph\">{\"@context\":\"https:\\\/\\\/schema.org\",\"@graph\":[{\"@type\":\"WebPage\",\"@id\":\"https:\\\/\\\/creacontrol.es\\\/automatizacion-industrial\\\/ingenieria-de-automatizacion\\\/fabricantes-de-maquinaria\\\/\",\"url\":\"https:\\\/\\\/creacontrol.es\\\/automatizacion-industrial\\\/ingenieria-de-automatizacion\\\/fabricantes-de-maquinaria\\\/\",\"name\":\"Fabricantes de maquinaria - CreaControl\",\"isPartOf\":{\"@id\":\"https:\\\/\\\/creacontrol.es\\\/automatizacion-industrial\\\/#website\"},\"datePublished\":\"2019-03-12T21:04:14+00:00\",\"dateModified\":\"2023-05-21T14:34:53+00:00\",\"breadcrumb\":{\"@id\":\"https:\\\/\\\/creacontrol.es\\\/automatizacion-industrial\\\/ingenieria-de-automatizacion\\\/fabricantes-de-maquinaria\\\/#breadcrumb\"},\"inLanguage\":\"es\",\"potentialAction\":[{\"@type\":\"ReadAction\",\"target\":[\"https:\\\/\\\/creacontrol.es\\\/automatizacion-industrial\\\/ingenieria-de-automatizacion\\\/fabricantes-de-maquinaria\\\/\"]}]},{\"@type\":\"BreadcrumbList\",\"@id\":\"https:\\\/\\\/creacontrol.es\\\/automatizacion-industrial\\\/ingenieria-de-automatizacion\\\/fabricantes-de-maquinaria\\\/#breadcrumb\",\"itemListElement\":[{\"@type\":\"ListItem\",\"position\":1,\"name\":\"Portada\",\"item\":\"https:\\\/\\\/creacontrol.es\\\/automatizacion-industrial\\\/\"},{\"@type\":\"ListItem\",\"position\":2,\"name\":\"Ingenier\u00eda de automatizaci\u00f3n\",\"item\":\"https:\\\/\\\/creacontrol.es\\\/automatizacion-industrial\\\/ingenieria-de-automatizacion\\\/\"},{\"@type\":\"ListItem\",\"position\":3,\"name\":\"Fabricantes de maquinaria\"}]},{\"@type\":\"WebSite\",\"@id\":\"https:\\\/\\\/creacontrol.es\\\/automatizacion-industrial\\\/#website\",\"url\":\"https:\\\/\\\/creacontrol.es\\\/automatizacion-industrial\\\/\",\"name\":\"CreaControl\",\"description\":\"Automatizaci\u00f3n industrial\",\"publisher\":{\"@id\":\"https:\\\/\\\/creacontrol.es\\\/automatizacion-industrial\\\/#organization\"},\"potentialAction\":[{\"@type\":\"SearchAction\",\"target\":{\"@type\":\"EntryPoint\",\"urlTemplate\":\"https:\\\/\\\/creacontrol.es\\\/automatizacion-industrial\\\/?s={search_term_string}\"},\"query-input\":{\"@type\":\"PropertyValueSpecification\",\"valueRequired\":true,\"valueName\":\"search_term_string\"}}],\"inLanguage\":\"es\"},{\"@type\":\"Organization\",\"@id\":\"https:\\\/\\\/creacontrol.es\\\/automatizacion-industrial\\\/#organization\",\"name\":\"CreaControl\",\"url\":\"https:\\\/\\\/creacontrol.es\\\/automatizacion-industrial\\\/\",\"logo\":{\"@type\":\"ImageObject\",\"inLanguage\":\"es\",\"@id\":\"https:\\\/\\\/creacontrol.es\\\/automatizacion-industrial\\\/#\\\/schema\\\/logo\\\/image\\\/\",\"url\":\"https:\\\/\\\/creacontrol.es\\\/wp-content\\\/uploads\\\/2022\\\/12\\\/Sin-titulo-1.jpg\",\"contentUrl\":\"https:\\\/\\\/creacontrol.es\\\/wp-content\\\/uploads\\\/2022\\\/12\\\/Sin-titulo-1.jpg\",\"width\":95,\"height\":27,\"caption\":\"CreaControl\"},\"image\":{\"@id\":\"https:\\\/\\\/creacontrol.es\\\/automatizacion-industrial\\\/#\\\/schema\\\/logo\\\/image\\\/\"}}]}<\/script>\n<!-- \/ Yoast SEO plugin. -->","yoast_head_json":{"title":"Fabricantes de maquinaria - CreaControl","robots":{"index":"index","follow":"follow","max-snippet":"max-snippet:-1","max-image-preview":"max-image-preview:large","max-video-preview":"max-video-preview:-1"},"canonical":"https:\/\/creacontrol.es\/automatizacion-industrial\/ingenieria-de-automatizacion\/fabricantes-de-maquinaria\/","og_locale":"es_ES","og_type":"article","og_title":"Fabricantes de maquinaria - CreaControl","og_description":"[vc_row full_width=\u00bbstretch_row\u00bb bg_type=\u00bbimage\u00bb bg_image_new=\u00bb24575&#8243; bg_image_repeat=\u00bbno-repeat\u00bb bg_override=\u00bbfull\u00bb parallax_content=\u00bboff\u00bb fadeout_row=\u00bboff\u00bb enable_overlay=\u00bboff\u00bb css=\u00bb.vc_custom_1684679786557{padding-top: 100px !important;padding-bottom: 100px !important;background-image: url(https:\/\/creacontrol.es\/wp-content\/uploads\/2019\/09\/cabecera_secciones_delgada.png?id=24575) !important;background-position: center !important;background-repeat: no-repeat !important;background-size: cover !important;}\u00bb el_class=\u00bbheader-page\u00bb][vc_column][\/vc_column][\/vc_row][vc_row css=\u00bb.vc_custom_1569253303398{padding-top: 20px !important;}\u00bb][vc_column width=\u00bb1\/2&#8243;][vc_single_image image=\u00bb24391&#8243; css=\u00bb.vc_custom_1567410243619{margin-bottom: 0px !important;}\u00bb][\/vc_column][vc_column width=\u00bb1\/2&#8243;][vc_column_text]Nuestra empresa ofrece a fabricantes OEM\u00a0la posibilidad de desarrollar programas PLC, SCADA o HMI\u00a0bajo demanda, siguiendo las indicaciones de ingenier\u00eda del cliente, adem\u00e1s de brindar soporte al dise\u00f1o deRead more","og_url":"https:\/\/creacontrol.es\/automatizacion-industrial\/ingenieria-de-automatizacion\/fabricantes-de-maquinaria\/","og_site_name":"CreaControl","article_modified_time":"2023-05-21T14:34:53+00:00","twitter_card":"summary_large_image","twitter_misc":{"Tiempo de lectura":"1 minuto"},"schema":{"@context":"https:\/\/schema.org","@graph":[{"@type":"WebPage","@id":"https:\/\/creacontrol.es\/automatizacion-industrial\/ingenieria-de-automatizacion\/fabricantes-de-maquinaria\/","url":"https:\/\/creacontrol.es\/automatizacion-industrial\/ingenieria-de-automatizacion\/fabricantes-de-maquinaria\/","name":"Fabricantes de maquinaria - CreaControl","isPartOf":{"@id":"https:\/\/creacontrol.es\/automatizacion-industrial\/#website"},"datePublished":"2019-03-12T21:04:14+00:00","dateModified":"2023-05-21T14:34:53+00:00","breadcrumb":{"@id":"https:\/\/creacontrol.es\/automatizacion-industrial\/ingenieria-de-automatizacion\/fabricantes-de-maquinaria\/#breadcrumb"},"inLanguage":"es","potentialAction":[{"@type":"ReadAction","target":["https:\/\/creacontrol.es\/automatizacion-industrial\/ingenieria-de-automatizacion\/fabricantes-de-maquinaria\/"]}]},{"@type":"BreadcrumbList","@id":"https:\/\/creacontrol.es\/automatizacion-industrial\/ingenieria-de-automatizacion\/fabricantes-de-maquinaria\/#breadcrumb","itemListElement":[{"@type":"ListItem","position":1,"name":"Portada","item":"https:\/\/creacontrol.es\/automatizacion-industrial\/"},{"@type":"ListItem","position":2,"name":"Ingenier\u00eda de automatizaci\u00f3n","item":"https:\/\/creacontrol.es\/automatizacion-industrial\/ingenieria-de-automatizacion\/"},{"@type":"ListItem","position":3,"name":"Fabricantes de maquinaria"}]},{"@type":"WebSite","@id":"https:\/\/creacontrol.es\/automatizacion-industrial\/#website","url":"https:\/\/creacontrol.es\/automatizacion-industrial\/","name":"CreaControl","description":"Automatizaci\u00f3n industrial","publisher":{"@id":"https:\/\/creacontrol.es\/automatizacion-industrial\/#organization"},"potentialAction":[{"@type":"SearchAction","target":{"@type":"EntryPoint","urlTemplate":"https:\/\/creacontrol.es\/automatizacion-industrial\/?s={search_term_string}"},"query-input":{"@type":"PropertyValueSpecification","valueRequired":true,"valueName":"search_term_string"}}],"inLanguage":"es"},{"@type":"Organization","@id":"https:\/\/creacontrol.es\/automatizacion-industrial\/#organization","name":"CreaControl","url":"https:\/\/creacontrol.es\/automatizacion-industrial\/","logo":{"@type":"ImageObject","inLanguage":"es","@id":"https:\/\/creacontrol.es\/automatizacion-industrial\/#\/schema\/logo\/image\/","url":"https:\/\/creacontrol.es\/wp-content\/uploads\/2022\/12\/Sin-titulo-1.jpg","contentUrl":"https:\/\/creacontrol.es\/wp-content\/uploads\/2022\/12\/Sin-titulo-1.jpg","width":95,"height":27,"caption":"CreaControl"},"image":{"@id":"https:\/\/creacontrol.es\/automatizacion-industrial\/#\/schema\/logo\/image\/"}}]}},"_links":{"self":[{"href":"https:\/\/creacontrol.es\/automatizacion-industrial\/wp-json\/wp\/v2\/pages\/23915","targetHints":{"allow":["GET"]}}],"collection":[{"href":"https:\/\/creacontrol.es\/automatizacion-industrial\/wp-json\/wp\/v2\/pages"}],"about":[{"href":"https:\/\/creacontrol.es\/automatizacion-industrial\/wp-json\/wp\/v2\/types\/page"}],"author":[{"embeddable":true,"href":"https:\/\/creacontrol.es\/automatizacion-industrial\/wp-json\/wp\/v2\/users\/4"}],"replies":[{"embeddable":true,"href":"https:\/\/creacontrol.es\/automatizacion-industrial\/wp-json\/wp\/v2\/comments?post=23915"}],"version-history":[{"count":13,"href":"https:\/\/creacontrol.es\/automatizacion-industrial\/wp-json\/wp\/v2\/pages\/23915\/revisions"}],"predecessor-version":[{"id":24950,"href":"https:\/\/creacontrol.es\/automatizacion-industrial\/wp-json\/wp\/v2\/pages\/23915\/revisions\/24950"}],"up":[{"embeddable":true,"href":"https:\/\/creacontrol.es\/automatizacion-industrial\/wp-json\/wp\/v2\/pages\/23844"}],"wp:attachment":[{"href":"https:\/\/creacontrol.es\/automatizacion-industrial\/wp-json\/wp\/v2\/media?parent=23915"}],"curies":[{"name":"wp","href":"https:\/\/api.w.org\/{rel}","templated":true}]}}