{"id":23990,"date":"2019-03-15T05:31:45","date_gmt":"2019-03-15T04:31:45","guid":{"rendered":"http:\/\/creacontrol.es\/?page_id=23990"},"modified":"2023-11-28T10:06:49","modified_gmt":"2023-11-28T09:06:49","slug":"que-hacemos","status":"publish","type":"page","link":"https:\/\/creacontrol.es\/automatizacion-industrial\/que-hacemos\/","title":{"rendered":"\u00bfQu\u00e9 hacemos?"},"content":{"rendered":"<div class=\"wpb-content-wrapper\"><p>[vc_row full_width=\u00bbstretch_row\u00bb bg_type=\u00bbimage\u00bb bg_image_new=\u00bb24575&#8243; bg_image_repeat=\u00bbno-repeat\u00bb bg_override=\u00bbfull\u00bb parallax_content=\u00bboff\u00bb fadeout_row=\u00bboff\u00bb enable_overlay=\u00bboff\u00bb css=\u00bb.vc_custom_1684688558434{padding-top: 100px !important;padding-bottom: 100px !important;background-image: url(https:\/\/creacontrol.es\/wp-content\/uploads\/2019\/09\/cabecera_secciones_delgada.png?id=24575) !important;background-position: center !important;background-repeat: no-repeat !important;background-size: cover !important;}\u00bb el_class=\u00bbheader-page\u00bb][vc_column]<h1 class=\"boc_heading  center  \"  style=\"margin-bottom: 10px;margin-top: 0px;color: #ffffff;\"><span>\u00bfQu\u00e9 hacemos?<\/span><\/h1>[\/vc_column][\/vc_row][vc_row css_animation=\u00bbnone\u00bb css=\u00bb.vc_custom_1569250681987{padding-top: 20px !important;}\u00bb][vc_column width=\u00bb1\/2&#8243;]<h2 class=\"boc_heading bold texto-destacado al_left  \"  style=\"margin-bottom: 20px;margin-top: 0px;color: #333;\"><span>Las palabras que mejor definen a nuestra empresa son <strong>fiabilidad<\/strong> y <strong>versatilidad<\/strong><\/span><\/h2>[vc_column_text]Estos conceptos no est\u00e1n elegidos al azar; para nosotros, la fiabilidad que aportamos al proyecto se traduce en confianza. Lo que permite afianzar una relaci\u00f3n con el cliente que trasciende el \u00e1mbito de un \u00fanico proyecto.<\/p>\n<p>Por otra parte, la versatilidad que ofrecemos responde a distintos \u00e1mbitos:[\/vc_column_text][\/vc_column][vc_column width=\u00bb1\/2&#8243;][vc_single_image img_size=\u00bbboc_medium\u00bb alignment=\u00bbcenter\u00bb image=\u00bb24636&#8243;][\/vc_column][\/vc_row][vc_row css_animation=\u00bbnone\u00bb][vc_column]<div class=\"boc_spacing \" style=\"height: 20px\"><\/div>[vc_row_inner el_class=\u00bbsection-about\u00bb css=\u00bb.vc_custom_1552349800561{margin-bottom: 0px !important;}\u00bb][vc_column_inner width=\u00bb1\/2&#8243;][vc_raw_html]JTNDZGl2JTIwY2xhc3MlM0QlMjJicC1lbGVtZW50JTIwYnAtZWxlbWVudC1pbWFnZS1ib3glMjBpbWFnZS1sZWZ0JTIwY29sb3ItMSUyMGxheW91dC1ncmFkaWVudCUyMiUzRSUwQSUyMCUyMCUyMCUyMCUzQ2RpdiUyMGNsYXNzJTNEJTIyaW1hZ2UtYm94JTIyJTIwc3R5bGUlM0QlMjJiYWNrZ3JvdW5kLWltYWdlJTNBJTIwdXJsJTI4JTJGd3AtY29udGVudCUyRnVwbG9hZHMlMkYyMDE5JTJGMDMlMkZub3NvdHJvcy0xLmpwZyUyOSUzQiUyMiUzRSUwQSUyMCUyMCUyMCUwQSUyMCUyMCUyMCUyMCUyMCUyMCUyMCUyMCUzQ2RpdiUyMGNsYXNzJTNEJTIyY29udGVudCUyMiUzRSUwQSUyMCUyMCUyMCUyMCUyMCUyMCUyMCUyMCUyMCUyMCUyMCUyMCUzQ2gzJTIwY2xhc3MlM0QlMjJ0aXRsZSUyMiUzRVZlcnNhdGlsaWRhZCUyMHNlY3RvcmlhbCUzQyUyRmgzJTNFJTBBJTIwJTIwJTIwJTIwJTIwJTIwJTIwJTIwJTIwJTIwJTIwJTIwJTNDZGl2JTIwY2xhc3MlM0QlMjJkZXNjcmlwdGlvbiUyMiUzRSUwQSUzQ3AlMjBhbGlnbiUzRCUyMmp1c3RpZnklMjIlM0VBcGxpY2Ftb3MlMjBudWVzdHJvcyUyMGNvbm9jaW1pZW50b3MlMjB0JUMzJUE5Y25pY29zJTIwYSUyMGRpc3RpbnRvcyUyMHNlY3RvcmVzJTNBJTIwQ2ljbG8lMjBJbnRlZ3JhbCUyMGRlbCUyMEFndWElMkMlMjBpbmZyYWVzdHJ1Y3R1cmFzJTJDJTIwZ2VuZXJhY2klQzMlQjNuJTIweSUyMGRpc3RyaWJ1Y2klQzMlQjNuJTIwZGUlMjBlbmVyZyVDMyVBRGElMkMlMjBpbmR1c3RyaWElMjBhbGltZW50YXJpYSUyQyUyMGluZHVzdHJpYSUyMGZhcm1hYyVDMyVBOXV0aWNhJTJDJTIwcHJvY2Vzb3MlMjBwb3IlMjBsb3RlcyUyMHklMjBjb250aW51b3MlMkMlMjBhbG1hY2VuZXMlMjBhdXRvbSVDMyVBMXRpY29zJTIweSUyMGxvZyVDMyVBRHN0aWNhJTJDJTIwZXRjLiUzQyUyRnAlM0UlM0MlMkZkaXYlM0UlMEElMjAlMjAlMjAlMjAlMjAlMjAlMjAlMjAlM0MlMkZkaXYlM0UlMEElMjAlMjAlMjAlMjAlMEElMEElMjAlMjAlMjAlM0MlMkZkaXYlM0UlMEElM0MlMkZkaXYlM0U=[\/vc_raw_html][\/vc_column_inner][vc_column_inner width=\u00bb1\/2&#8243;][vc_raw_html]JTNDZGl2JTIwY2xhc3MlM0QlMjJicC1lbGVtZW50JTIwYnAtZWxlbWVudC1pbWFnZS1ib3glMjBpbWFnZS1sZWZ0JTIwY29sb3ItMSUyMGxheW91dC1ncmFkaWVudCUyMiUzRSUwQSUyMCUyMCUyMCUyMCUzQ2RpdiUyMGNsYXNzJTNEJTIyaW1hZ2UtYm94JTIyJTIwc3R5bGUlM0QlMjJiYWNrZ3JvdW5kLWltYWdlJTNBJTIwdXJsJTI4JTJGd3AtY29udGVudCUyRnVwbG9hZHMlMkYyMDE5JTJGMDglMkZ2ZXJzYXRpbGlkYWRfcHJveWVjdG9zXzIuanBnJTI5JTNCJTIyJTNFJTBBJTIwJTIwJTBBJTIwJTIwJTIwJTIwJTIwJTIwJTIwJTIwJTNDZGl2JTIwY2xhc3MlM0QlMjJjb250ZW50JTIyJTNFJTBBJTIwJTIwJTIwJTIwJTIwJTIwJTIwJTIwJTIwJTIwJTIwJTIwJTNDaDMlMjBjbGFzcyUzRCUyMnRpdGxlJTIyJTNFVmVyc2F0aWxpZGFkJTIwZGUlMjBwcm95ZWN0b3MlM0MlMkZoMyUzRSUwQSUyMCUyMCUyMCUyMCUyMCUyMCUyMCUyMCUyMCUyMCUyMCUyMCUzQ2RpdiUyMGNsYXNzJTNEJTIyZGVzY3JpcHRpb24lMjIlM0UlMEElM0NwJTIwYWxpZ24lM0QlMjJqdXN0aWZ5JTIyJTNFTnVlc3RyYSUyMGVzdHJ1Y3R1cmElMjBub3MlMjBwZXJtaXRlJTIwYWNvbWV0ZXIlMjBwcm95ZWN0b3MlMjBkZSUyMGRpdmVyc29zJTIwdGFtYSVDMyVCMW9zJTNBJTIwZGVzZGUlMjBlbCUyMGRlc2Fycm9sbG8lMjBkZSUyMHByb3llY3RvcyUyMGxsYXZlJTIwZW4lMjBtYW5vJTIwZGUlMjBncmFuZGVzJTIwcGxhbnRhcyUyMGElMjBwZXF1ZSVDMyVCMWFzJTIwbW9kaWZpY2FjaW9uZXMlMjBkZSUyMHByb2Nlc29zJTIweWElMjBleGlzdGVudGVzJTJDJTIwYXVkaXRvciVDMyVBRGFzJTIwZGUlMjBwbGFudGFzJTJDJTIwZXRjLiUzQyUyRnAlM0UlMEElMjAlMjAlMjAlMjAlMjAlMjAlMjAlMjAlMjAlMjAlMjAlMjAlM0MlMkZkaXYlM0UlMEElMjAlMjAlMjAlMjAlMjAlMjAlMjAlMjAlM0MlMkZkaXYlM0UlMEElMjAlMEElMEElMjAlMjAlMjAlM0MlMkZkaXYlM0UlMEElM0MlMkZkaXYlM0U=[\/vc_raw_html][\/vc_column_inner][\/vc_row_inner][vc_row_inner el_class=\u00bbsection-about\u00bb css=\u00bb.vc_custom_1552349795385{margin-bottom: 0px !important;}\u00bb][vc_column_inner width=\u00bb1\/2&#8243;][vc_raw_html]JTNDZGl2JTIwY2xhc3MlM0QlMjJicC1lbGVtZW50JTIwYnAtZWxlbWVudC1pbWFnZS1ib3glMjBpbWFnZS1sZWZ0JTIwY29sb3ItMSUyMGxheW91dC1ncmFkaWVudCUyMiUzRSUwQSUyMCUyMCUyMCUyMCUzQ2RpdiUyMGNsYXNzJTNEJTIyaW1hZ2UtYm94JTIyJTIwc3R5bGUlM0QlMjJiYWNrZ3JvdW5kLWltYWdlJTNBJTIwdXJsJTI4JTJGd3AtY29udGVudCUyRnVwbG9hZHMlMkYyMDE5JTJGMDMlMkZub3NvdHJvcy0yLmpwZyUyOSUzQiUyMiUzRSUwQSUyMCUyMCUwQSUyMCUyMCUyMCUyMCUyMCUyMCUyMCUyMCUzQ2RpdiUyMGNsYXNzJTNEJTIyY29udGVudCUyMiUzRSUwQSUyMCUyMCUyMCUyMCUyMCUyMCUyMCUyMCUyMCUyMCUyMCUyMCUzQ2gzJTIwY2xhc3MlM0QlMjJ0aXRsZSUyMiUzRVZlcnNhdGlsaWRhZCUyMHQlQzMlQTljbmljYSUzQyUyRmgzJTNFJTBBJTIwJTIwJTIwJTIwJTIwJTIwJTIwJTIwJTIwJTIwJTIwJTIwJTNDZGl2JTIwY2xhc3MlM0QlMjJkZXNjcmlwdGlvbiUyMiUzRSUwQSUzQ3AlMjBhbGlnbiUzRCUyMmp1c3RpZnklMjIlM0VEb21pbmFtb3MlMjB0ZWNub2xvZyVDMyVBRGFzJTIwZGUlMjBtJUMzJUJBbHRpcGxlcyUyMGZhYnJpY2FudGVzJTIwJTI4Um9ja3dlbGwlMjBBdXRvbWF0aW9uJTJDJTIwU2llbWVucyUyQyUyME9tcm9uJTJDJTIwU2NobmVpZGVyJTIwRWxlY3RyaWMlMkMlMjBVbml0cm9uaWNzJTJDJTIwZXRjLiUyOSUyQyUyMHRhbnRvJTIwZGUlMjBzdXMlMjB2ZXJzaW9uZXMlMjBtJUMzJUExcyUyMGFjdHVhbGVzJTIwY29tbyUyMGRlJTIwbGFzJTIweWElMjBvYnNvbGV0YXMlMjAlMjhTaWVtZW5zJTIwUzUlMkMlMjBBbGxlbi1CcmFkbGV5JTIwUExDLTUlMjB5JTIwU0xDJTIwNTAwJTJDJTIwZXRjLiUyOS4lM0MlMkZwJTNFJTNDJTJGZGl2JTNFJTBBJTIwJTIwJTIwJTIwJTIwJTIwJTIwJTIwJTNDJTJGZGl2JTNFJTBBJTIwJTIwJTIwJTBBJTBBJTIwJTIwJTIwJTNDJTJGZGl2JTNFJTBBJTNDJTJGZGl2JTNF[\/vc_raw_html][\/vc_column_inner][vc_column_inner width=\u00bb1\/2&#8243;][vc_raw_html]JTNDZGl2JTIwY2xhc3MlM0QlMjJicC1lbGVtZW50JTIwYnAtZWxlbWVudC1pbWFnZS1ib3glMjBpbWFnZS1sZWZ0JTIwY29sb3ItMSUyMGxheW91dC1ncmFkaWVudCUyMiUzRSUwQSUyMCUyMCUyMCUyMCUzQ2RpdiUyMGNsYXNzJTNEJTIyaW1hZ2UtYm94JTIyJTIwc3R5bGUlM0QlMjJiYWNrZ3JvdW5kLWltYWdlJTNBJTIwdXJsJTI4JTJGd3AtY29udGVudCUyRnVwbG9hZHMlMkYyMDE5JTJGMDglMkZ2ZXJzYXRpbGlkYWRfZ2VvZ3JhZmljYV8xLmpwZyUyOSUzQiUyMiUzRSUwQSUyMCUyMCUyMCUyMCUwQSUyMCUyMCUyMCUyMCUyMCUyMCUyMCUyMCUzQ2RpdiUyMGNsYXNzJTNEJTIyY29udGVudCUyMiUzRSUwQSUyMCUyMCUyMCUyMCUyMCUyMCUyMCUyMCUyMCUyMCUyMCUyMCUzQ2gzJTIwY2xhc3MlM0QlMjJ0aXRsZSUyMiUzRVZlcnNhdGlsaWRhZCUyMGdlb2dyJUMzJUExZmljYSUzQyUyRmgzJTNFJTBBJTIwJTIwJTIwJTIwJTIwJTIwJTIwJTIwJTIwJTIwJTIwJTIwJTNDZGl2JTIwY2xhc3MlM0QlMjJkZXNjcmlwdGlvbiUyMiUzRSUwQSUzQ3AlMjBhbGlnbiUzRCUyMmp1c3RpZnklMjIlM0VOdWVzdHJvJTIwJUMzJUExbWJpdG8lMjBnZW9nciVDMyVBMWZpY28lMjBlcyUyMHRhbnRvJTIwbmFjaW9uYWwlMkMlMjBjb21vJTIwaW50ZXJuYWNpb25hbC4lM0MlMkZwJTNFJTNDJTJGZGl2JTNFJTBBJTIwJTIwJTIwJTIwJTIwJTIwJTIwJTIwJTNDJTJGZGl2JTNFJTBBJTIwJTIwJTBBJTBBJTIwJTIwJTIwJTNDJTJGZGl2JTNFJTBBJTNDJTJGZGl2JTNF[\/vc_raw_html][\/vc_column_inner][\/vc_row_inner][\/vc_column][\/vc_row]<\/p>\n<\/div>","protected":false},"excerpt":{"rendered":"<p>[vc_row full_width=\u00bbstretch_row\u00bb bg_type=\u00bbimage\u00bb bg_image_new=\u00bb24575&#8243; bg_image_repeat=\u00bbno-repeat\u00bb bg_override=\u00bbfull\u00bb parallax_content=\u00bboff\u00bb fadeout_row=\u00bboff\u00bb enable_overlay=\u00bboff\u00bb css=\u00bb.vc_custom_1684688558434{padding-top: 100px !important;padding-bottom: 100px !important;background-image: url(https:\/\/creacontrol.es\/wp-content\/uploads\/2019\/09\/cabecera_secciones_delgada.png?id=24575) !important;background-position: center !important;background-repeat: no-repeat !important;background-size: cover !important;}\u00bb el_class=\u00bbheader-page\u00bb][vc_column][\/vc_column][\/vc_row][vc_row css_animation=\u00bbnone\u00bb css=\u00bb.vc_custom_1569250681987{padding-top: 20px !important;}\u00bb][vc_column width=\u00bb1\/2&#8243;][vc_column_text]Estos conceptos no est\u00e1n elegidos al azar; para nosotros, la fiabilidad que aportamos al proyecto se traduce en confianza. Lo que permite afianzar una relaci\u00f3n con el cliente que trasciende el \u00e1mbito de<\/p>\n<div class=\"h10\"><\/div>\n<p><a class=\"more-link1\" href=\"https:\/\/creacontrol.es\/automatizacion-industrial\/que-hacemos\/\">Read more<\/a><\/p>\n","protected":false},"author":4,"featured_media":0,"parent":0,"menu_order":0,"comment_status":"closed","ping_status":"closed","template":"","meta":{"footnotes":""},"class_list":["post-23990","page","type-page","status-publish","hentry"],"yoast_head":"<!-- This site is optimized with the Yoast SEO plugin v27.4 - https:\/\/yoast.com\/product\/yoast-seo-wordpress\/ -->\n<title>\u00bfQu\u00e9 hacemos? - CreaControl<\/title>\n<meta name=\"robots\" content=\"index, follow, max-snippet:-1, max-image-preview:large, max-video-preview:-1\" \/>\n<link rel=\"canonical\" href=\"https:\/\/creacontrol.es\/automatizacion-industrial\/que-hacemos\/\" \/>\n<meta property=\"og:locale\" content=\"es_ES\" \/>\n<meta property=\"og:type\" content=\"article\" \/>\n<meta property=\"og:title\" content=\"\u00bfQu\u00e9 hacemos? - CreaControl\" \/>\n<meta property=\"og:description\" content=\"[vc_row full_width=\u00bbstretch_row\u00bb bg_type=\u00bbimage\u00bb bg_image_new=\u00bb24575&#8243; bg_image_repeat=\u00bbno-repeat\u00bb bg_override=\u00bbfull\u00bb parallax_content=\u00bboff\u00bb fadeout_row=\u00bboff\u00bb enable_overlay=\u00bboff\u00bb css=\u00bb.vc_custom_1684688558434{padding-top: 100px !important;padding-bottom: 100px !important;background-image: url(https:\/\/creacontrol.es\/wp-content\/uploads\/2019\/09\/cabecera_secciones_delgada.png?id=24575) !important;background-position: center !important;background-repeat: no-repeat !important;background-size: cover !important;}\u00bb el_class=\u00bbheader-page\u00bb][vc_column][\/vc_column][\/vc_row][vc_row css_animation=\u00bbnone\u00bb css=\u00bb.vc_custom_1569250681987{padding-top: 20px !important;}\u00bb][vc_column width=\u00bb1\/2&#8243;][vc_column_text]Estos conceptos no est\u00e1n elegidos al azar; para nosotros, la fiabilidad que aportamos al proyecto se traduce en confianza. Lo que permite afianzar una relaci\u00f3n con el cliente que trasciende el \u00e1mbito deRead more\" \/>\n<meta property=\"og:url\" content=\"https:\/\/creacontrol.es\/automatizacion-industrial\/que-hacemos\/\" \/>\n<meta property=\"og:site_name\" content=\"CreaControl\" \/>\n<meta property=\"article:modified_time\" content=\"2023-11-28T09:06:49+00:00\" \/>\n<meta name=\"twitter:card\" content=\"summary_large_image\" \/>\n<meta name=\"twitter:label1\" content=\"Tiempo de lectura\" \/>\n\t<meta name=\"twitter:data1\" content=\"1 minuto\" \/>\n<script type=\"application\/ld+json\" class=\"yoast-schema-graph\">{\"@context\":\"https:\\\/\\\/schema.org\",\"@graph\":[{\"@type\":\"WebPage\",\"@id\":\"https:\\\/\\\/creacontrol.es\\\/automatizacion-industrial\\\/que-hacemos\\\/\",\"url\":\"https:\\\/\\\/creacontrol.es\\\/automatizacion-industrial\\\/que-hacemos\\\/\",\"name\":\"\u00bfQu\u00e9 hacemos? - CreaControl\",\"isPartOf\":{\"@id\":\"https:\\\/\\\/creacontrol.es\\\/automatizacion-industrial\\\/#website\"},\"datePublished\":\"2019-03-15T04:31:45+00:00\",\"dateModified\":\"2023-11-28T09:06:49+00:00\",\"breadcrumb\":{\"@id\":\"https:\\\/\\\/creacontrol.es\\\/automatizacion-industrial\\\/que-hacemos\\\/#breadcrumb\"},\"inLanguage\":\"es\",\"potentialAction\":[{\"@type\":\"ReadAction\",\"target\":[\"https:\\\/\\\/creacontrol.es\\\/automatizacion-industrial\\\/que-hacemos\\\/\"]}]},{\"@type\":\"BreadcrumbList\",\"@id\":\"https:\\\/\\\/creacontrol.es\\\/automatizacion-industrial\\\/que-hacemos\\\/#breadcrumb\",\"itemListElement\":[{\"@type\":\"ListItem\",\"position\":1,\"name\":\"Portada\",\"item\":\"https:\\\/\\\/creacontrol.es\\\/automatizacion-industrial\\\/\"},{\"@type\":\"ListItem\",\"position\":2,\"name\":\"\u00bfQu\u00e9 hacemos?\"}]},{\"@type\":\"WebSite\",\"@id\":\"https:\\\/\\\/creacontrol.es\\\/automatizacion-industrial\\\/#website\",\"url\":\"https:\\\/\\\/creacontrol.es\\\/automatizacion-industrial\\\/\",\"name\":\"CreaControl\",\"description\":\"Automatizaci\u00f3n industrial\",\"publisher\":{\"@id\":\"https:\\\/\\\/creacontrol.es\\\/automatizacion-industrial\\\/#organization\"},\"potentialAction\":[{\"@type\":\"SearchAction\",\"target\":{\"@type\":\"EntryPoint\",\"urlTemplate\":\"https:\\\/\\\/creacontrol.es\\\/automatizacion-industrial\\\/?s={search_term_string}\"},\"query-input\":{\"@type\":\"PropertyValueSpecification\",\"valueRequired\":true,\"valueName\":\"search_term_string\"}}],\"inLanguage\":\"es\"},{\"@type\":\"Organization\",\"@id\":\"https:\\\/\\\/creacontrol.es\\\/automatizacion-industrial\\\/#organization\",\"name\":\"CreaControl\",\"url\":\"https:\\\/\\\/creacontrol.es\\\/automatizacion-industrial\\\/\",\"logo\":{\"@type\":\"ImageObject\",\"inLanguage\":\"es\",\"@id\":\"https:\\\/\\\/creacontrol.es\\\/automatizacion-industrial\\\/#\\\/schema\\\/logo\\\/image\\\/\",\"url\":\"https:\\\/\\\/creacontrol.es\\\/wp-content\\\/uploads\\\/2022\\\/12\\\/Sin-titulo-1.jpg\",\"contentUrl\":\"https:\\\/\\\/creacontrol.es\\\/wp-content\\\/uploads\\\/2022\\\/12\\\/Sin-titulo-1.jpg\",\"width\":95,\"height\":27,\"caption\":\"CreaControl\"},\"image\":{\"@id\":\"https:\\\/\\\/creacontrol.es\\\/automatizacion-industrial\\\/#\\\/schema\\\/logo\\\/image\\\/\"}}]}<\/script>\n<!-- \/ Yoast SEO plugin. -->","yoast_head_json":{"title":"\u00bfQu\u00e9 hacemos? - CreaControl","robots":{"index":"index","follow":"follow","max-snippet":"max-snippet:-1","max-image-preview":"max-image-preview:large","max-video-preview":"max-video-preview:-1"},"canonical":"https:\/\/creacontrol.es\/automatizacion-industrial\/que-hacemos\/","og_locale":"es_ES","og_type":"article","og_title":"\u00bfQu\u00e9 hacemos? - CreaControl","og_description":"[vc_row full_width=\u00bbstretch_row\u00bb bg_type=\u00bbimage\u00bb bg_image_new=\u00bb24575&#8243; bg_image_repeat=\u00bbno-repeat\u00bb bg_override=\u00bbfull\u00bb parallax_content=\u00bboff\u00bb fadeout_row=\u00bboff\u00bb enable_overlay=\u00bboff\u00bb css=\u00bb.vc_custom_1684688558434{padding-top: 100px !important;padding-bottom: 100px !important;background-image: url(https:\/\/creacontrol.es\/wp-content\/uploads\/2019\/09\/cabecera_secciones_delgada.png?id=24575) !important;background-position: center !important;background-repeat: no-repeat !important;background-size: cover !important;}\u00bb el_class=\u00bbheader-page\u00bb][vc_column][\/vc_column][\/vc_row][vc_row css_animation=\u00bbnone\u00bb css=\u00bb.vc_custom_1569250681987{padding-top: 20px !important;}\u00bb][vc_column width=\u00bb1\/2&#8243;][vc_column_text]Estos conceptos no est\u00e1n elegidos al azar; para nosotros, la fiabilidad que aportamos al proyecto se traduce en confianza. Lo que permite afianzar una relaci\u00f3n con el cliente que trasciende el \u00e1mbito deRead more","og_url":"https:\/\/creacontrol.es\/automatizacion-industrial\/que-hacemos\/","og_site_name":"CreaControl","article_modified_time":"2023-11-28T09:06:49+00:00","twitter_card":"summary_large_image","twitter_misc":{"Tiempo de lectura":"1 minuto"},"schema":{"@context":"https:\/\/schema.org","@graph":[{"@type":"WebPage","@id":"https:\/\/creacontrol.es\/automatizacion-industrial\/que-hacemos\/","url":"https:\/\/creacontrol.es\/automatizacion-industrial\/que-hacemos\/","name":"\u00bfQu\u00e9 hacemos? - CreaControl","isPartOf":{"@id":"https:\/\/creacontrol.es\/automatizacion-industrial\/#website"},"datePublished":"2019-03-15T04:31:45+00:00","dateModified":"2023-11-28T09:06:49+00:00","breadcrumb":{"@id":"https:\/\/creacontrol.es\/automatizacion-industrial\/que-hacemos\/#breadcrumb"},"inLanguage":"es","potentialAction":[{"@type":"ReadAction","target":["https:\/\/creacontrol.es\/automatizacion-industrial\/que-hacemos\/"]}]},{"@type":"BreadcrumbList","@id":"https:\/\/creacontrol.es\/automatizacion-industrial\/que-hacemos\/#breadcrumb","itemListElement":[{"@type":"ListItem","position":1,"name":"Portada","item":"https:\/\/creacontrol.es\/automatizacion-industrial\/"},{"@type":"ListItem","position":2,"name":"\u00bfQu\u00e9 hacemos?"}]},{"@type":"WebSite","@id":"https:\/\/creacontrol.es\/automatizacion-industrial\/#website","url":"https:\/\/creacontrol.es\/automatizacion-industrial\/","name":"CreaControl","description":"Automatizaci\u00f3n industrial","publisher":{"@id":"https:\/\/creacontrol.es\/automatizacion-industrial\/#organization"},"potentialAction":[{"@type":"SearchAction","target":{"@type":"EntryPoint","urlTemplate":"https:\/\/creacontrol.es\/automatizacion-industrial\/?s={search_term_string}"},"query-input":{"@type":"PropertyValueSpecification","valueRequired":true,"valueName":"search_term_string"}}],"inLanguage":"es"},{"@type":"Organization","@id":"https:\/\/creacontrol.es\/automatizacion-industrial\/#organization","name":"CreaControl","url":"https:\/\/creacontrol.es\/automatizacion-industrial\/","logo":{"@type":"ImageObject","inLanguage":"es","@id":"https:\/\/creacontrol.es\/automatizacion-industrial\/#\/schema\/logo\/image\/","url":"https:\/\/creacontrol.es\/wp-content\/uploads\/2022\/12\/Sin-titulo-1.jpg","contentUrl":"https:\/\/creacontrol.es\/wp-content\/uploads\/2022\/12\/Sin-titulo-1.jpg","width":95,"height":27,"caption":"CreaControl"},"image":{"@id":"https:\/\/creacontrol.es\/automatizacion-industrial\/#\/schema\/logo\/image\/"}}]}},"_links":{"self":[{"href":"https:\/\/creacontrol.es\/automatizacion-industrial\/wp-json\/wp\/v2\/pages\/23990","targetHints":{"allow":["GET"]}}],"collection":[{"href":"https:\/\/creacontrol.es\/automatizacion-industrial\/wp-json\/wp\/v2\/pages"}],"about":[{"href":"https:\/\/creacontrol.es\/automatizacion-industrial\/wp-json\/wp\/v2\/types\/page"}],"author":[{"embeddable":true,"href":"https:\/\/creacontrol.es\/automatizacion-industrial\/wp-json\/wp\/v2\/users\/4"}],"replies":[{"embeddable":true,"href":"https:\/\/creacontrol.es\/automatizacion-industrial\/wp-json\/wp\/v2\/comments?post=23990"}],"version-history":[{"count":24,"href":"https:\/\/creacontrol.es\/automatizacion-industrial\/wp-json\/wp\/v2\/pages\/23990\/revisions"}],"predecessor-version":[{"id":24963,"href":"https:\/\/creacontrol.es\/automatizacion-industrial\/wp-json\/wp\/v2\/pages\/23990\/revisions\/24963"}],"wp:attachment":[{"href":"https:\/\/creacontrol.es\/automatizacion-industrial\/wp-json\/wp\/v2\/media?parent=23990"}],"curies":[{"name":"wp","href":"https:\/\/api.w.org\/{rel}","templated":true}]}}