{"id":24093,"date":"2019-03-26T06:00:37","date_gmt":"2019-03-26T05:00:37","guid":{"rendered":"http:\/\/creacontrol.es\/?page_id=24093"},"modified":"2026-01-15T15:36:34","modified_gmt":"2026-01-15T14:36:34","slug":"tecnologias-empleadas","status":"publish","type":"page","link":"https:\/\/creacontrol.es\/automatizacion-industrial\/tecnologias-empleadas\/","title":{"rendered":"Tecnolog\u00edas empleadas"},"content":{"rendered":"<div class=\"wpb-content-wrapper\"><p>[vc_row full_width=\u00bbstretch_row\u00bb bg_type=\u00bbimage\u00bb bg_image_new=\u00bb24575&#8243; bg_image_repeat=\u00bbno-repeat\u00bb bg_override=\u00bbfull\u00bb parallax_content=\u00bboff\u00bb fadeout_row=\u00bboff\u00bb enable_overlay=\u00bboff\u00bb css=\u00bb.vc_custom_1684680219491{padding-top: 100px !important;padding-bottom: 100px !important;background-image: url(https:\/\/creacontrol.es\/wp-content\/uploads\/2019\/09\/cabecera_secciones_delgada.png?id=24575) !important;background-position: center !important;background-repeat: no-repeat !important;background-size: cover !important;}\u00bb el_class=\u00bbheader-page\u00bb][vc_column]<h1 class=\"boc_heading  center  \"  style=\"margin-bottom: 10px;margin-top: 0px;color: #ffffff;\"><span>Tecnolog\u00edas empleadas<\/span><\/h1>[\/vc_column][\/vc_row][vc_row css=\u00bb.vc_custom_1569253413151{padding-top: 20px !important;}\u00bb][vc_column]<h2 class=\"boc_heading bold al_left  \"  style=\"margin-bottom: 20px;margin-top: 0px;color: #333;\"><span>Tecnolog\u00edas empleadas<\/span><\/h2>[vc_single_image alignment=\u00bbcenter\u00bb image=\u00bb24363&#8243;]<div class=\"boc_spacing \" style=\"height: 20px\"><\/div>[vc_column_text]Contamos con amplia experiencia con las herramientas m\u00e1s demandadas por la industria, con una gran variedad de tecnolog\u00edas:[\/vc_column_text]<div class=\"content_slides content_slides_arrowed \" id=\"content_slides_5072\"><div class=\"content_slide_item \">[vc_row_inner][vc_column_inner width=\u00bb1\/3&#8243;][vc_single_image img_size=\u00bbmedium\u00bb alignment=\u00bbcenter\u00bb image=\u00bb24049&#8243; el_class=\u00bbowl-car\u00bb][vc_single_image img_size=\u00bbmedium\u00bb alignment=\u00bbright\u00bb style=\u00bbvc_box_shadow_3d\u00bb image=\u00bb25007&#8243; el_class=\u00bbowl-car\u00bb][vc_column_text]<\/p>\n<h3>Rockwell &#8211; Allen Bradley<\/h3>\n<h6>Bronze Technology Partner<\/h6>\n<ul>\n<li>Herramientas de programaci\u00f3n PLC: RSLogix 5, RSLogix 500, RSLogix 5000, Studio 5000.<\/li>\n<li>Herramientas de desarrollo de SCADA\/HMI: PanelBuilder 32, RSView 32, FactoryTalk View, Historian, \u2026<\/li>\n<li>Arquitecturas Hardware\/Software: PLCs de las gamas PLC-5, SLC 500, CompactLogix y ControlLogix, paneles de operador de toda la gama PanelView y VersaView, arquitecturas redundantes en PLC y SCADA, etc.<\/li>\n<li>Comunicaciones industriales Stratix (gamas 5700, 8000, etc.).<\/li>\n<li>Arquitecturas de supervisi\u00f3n mediante clientes ligeros ThinManager.<\/li>\n<li>Tecnolog\u00edas de comunicaci\u00f3n Ethernet\/IP, ControlNet, DeviceNet, DH+, DH-485, RIO, etc.<\/li>\n<\/ul>\n<p>[\/vc_column_text][\/vc_column_inner][vc_column_inner width=\u00bb1\/3&#8243;]<div class=\"boc_spacing \" style=\"height: 20px\"><\/div>[vc_single_image alignment=\u00bbcenter\u00bb image=\u00bb23858&#8243; el_class=\u00bbowl-car\u00bb]<div class=\"boc_spacing \" style=\"height: 80px\"><\/div>[vc_column_text]<\/p>\n<h3>Siemens<\/h3>\n<ul>\n<li>Desarrollo de PLC, SCADA y HMI mediante las distintas herramientas SIMATIC: Step 5, Step 7, Protool, WinCC, WinCC Flexible, TIA Portal.<\/li>\n<li>Sistemas de Control Distribuido (SIMATIC PCS7).<\/li>\n<li>Arquitecturas Hardware\/Software: PLCs de las gamas SIMATIC S5, S7 (gamas 200,300 y 400, as\u00ed como 1200 y 1500), sistemas safety (F) y redundantes (H), paneles TP, MP, etc.<\/li>\n<li>Integraci\u00f3n de sistemas de control de movimiento y posicionamiento con herramientas como SINAMICS Starter o Startdrive.<\/li>\n<li>Optimizaci\u00f3n de los accionamientos el\u00e9ctricos mediante el software SIMOCODE.<\/li>\n<li>Tecnolog\u00edas de comunicaci\u00f3n Sinec, PPI, MPI, AS-i Bus, Profibus y Profinet.<\/li>\n<\/ul>\n<p>[\/vc_column_text][\/vc_column_inner][vc_column_inner width=\u00bb1\/3&#8243;]<div class=\"boc_spacing \" style=\"height: 20px\"><\/div>[vc_single_image alignment=\u00bbcenter\u00bb image=\u00bb23853&#8243; el_class=\u00bbowl-car\u00bb]<div class=\"boc_spacing \" style=\"height: 80px\"><\/div>[vc_column_text]<\/p>\n<h3>OMRON<\/h3>\n<ul>\n<li>Herramientas de desarrollo: CX-Programmer, Sysmac Studio y CX-Supervisor.<\/li>\n<li>Sistemas de control CJ, NJ y NX.<\/li>\n<li>Integraci\u00f3n de sistemas de control de movimiento y posicionamiento mediante el software Motion Control integrado en Sysmac Studio.<\/li>\n<li>Comunicaciones EtherCAT, Controller Link, Ethernet\/IP, etc.<\/li>\n<\/ul>\n<p>[\/vc_column_text][\/vc_column_inner][\/vc_row_inner]<\/div><div class=\"content_slide_item \">[vc_row_inner][vc_column_inner width=\u00bb1\/3&#8243;][vc_single_image alignment=\u00bbcenter\u00bb image=\u00bb24727&#8243; el_class=\u00bbowl-car\u00bb][vc_column_text]<\/p>\n<h3>CodeSys<\/h3>\n<ul>\n<li>Software de programaci\u00f3n usado por decenas de empresas: ABB, Festo, TwinCAT, etc. Sobre el cual contamos con una amplia experiencia en sus diferentes capas de personalizaci\u00f3n.<\/li>\n<li>Tecnolog\u00edas de comunicaci\u00f3n Ethernet\/IP, EtherCat, Modbus, etc.<\/li>\n<\/ul>\n<p>[\/vc_column_text][\/vc_column_inner][vc_column_inner width=\u00bb1\/3&#8243;][vc_single_image alignment=\u00bbcenter\u00bb image=\u00bb24730&#8243; el_class=\u00bbowl-car\u00bb][vc_column_text]<\/p>\n<h3>BECKHOFF &#8211; TwinCAT<\/h3>\n<ul>\n<li>Herramientas de desarrollo: TwinCAT 2 y TwinCAT 3<\/li>\n<li>Tecnolog\u00edas de comunicaci\u00f3n: EtherCat<\/li>\n<\/ul>\n<p>[\/vc_column_text][\/vc_column_inner][vc_column_inner width=\u00bb1\/3&#8243;][vc_single_image alignment=\u00bbcenter\u00bb image=\u00bb23857&#8243; el_class=\u00bbowl-car\u00bb][vc_column_text]<\/p>\n<h3>Schneider<\/h3>\n<ul>\n<li>Herramientas de desarrollo: PL7 Pro, Concept, Unity.<\/li>\n<li>Dispositivos: gama Quantum, Momentum, TSX.<\/li>\n<\/ul>\n<p>[\/vc_column_text][\/vc_column_inner][\/vc_row_inner]<\/div><div class=\"content_slide_item \">[vc_row_inner][vc_column_inner width=\u00bb1\/3&#8243;][vc_single_image alignment=\u00bbcenter\u00bb image=\u00bb23859&#8243; el_class=\u00bbowl-car\u00bb][vc_column_text]<\/p>\n<h3>UNITRONICS<\/h3>\n<p>Equipos UniStream, Vision, Samba, Jazz.[\/vc_column_text][\/vc_column_inner][vc_column_inner width=\u00bb1\/3&#8243;][vc_single_image alignment=\u00bbcenter\u00bb image=\u00bb23860&#8243; el_class=\u00bbowl-car\u00bb][vc_column_text]<\/p>\n<h3>Wonderware<\/h3>\n<p>Realizamos proyectos SCADA basados en Archestra e InTouch, utilizando comunicaci\u00f3n v\u00eda drivers I\/O proporcionados por Wonderware o mediante tecnolog\u00eda OPC.[\/vc_column_text][\/vc_column_inner][vc_column_inner width=\u00bb1\/3&#8243;][vc_single_image alignment=\u00bbcenter\u00bb image=\u00bb23855&#8243; el_class=\u00bbowl-car\u00bb][vc_single_image alignment=\u00bbcenter\u00bb image=\u00bb23851&#8243; el_class=\u00bbowl-car\u00bb][vc_column_text]CreaControl siempre ha confiado en tecnolog\u00edas basadas en hardware para las comunicaciones entre dispositivos (PLCs de distintos fabricantes, lecturas de instrumentos, etc.), evitando el uso de tecnolog\u00eda OPC para comunicaciones de control. Para ello, utilizamos dispositivos Anybus y Prosoft, que permiten la comunicaci\u00f3n entre multitud de protocolos industriales.[\/vc_column_text][\/vc_column_inner][\/vc_row_inner]<\/div><div class=\"content_slide_item \">[vc_row_inner][vc_column_inner width=\u00bb1\/3&#8243;][vc_single_image css=\u00bb\u00bb image=\u00bb25046&#8243;][vc_column_text css=\u00bb\u00bb]<\/p>\n<h3><\/h3>\n<p>&nbsp;<\/p>\n<h3>Plataforma IGNITION<\/h3>\n<p>de Inductive Automation[\/vc_column_text][\/vc_column_inner][vc_column_inner width=\u00bb1\/3&#8243;][vc_single_image img_size=\u00bbmedium\u00bb alignment=\u00bbcenter\u00bb image=\u00bb25016&#8243; el_class=\u00bbowl-car\u00bb][vc_column_text]<\/p>\n<h3>Sofrel LACROIX<\/h3>\n<h6>Certified Solution Partner<\/h6>\n<ul>\n<li style=\"text-align: left;\">Estaciones remotas S500, AS, S4W<\/li>\n<li style=\"text-align: left;\">Supervisores PCWin, PCWin2, LX Scada<\/li>\n<li style=\"text-align: left;\">VPN SG1000 y SG4000<\/li>\n<li style=\"text-align: left;\">Integraciones con SCADAs de terceros v\u00eda OPC UA<\/li>\n<li style=\"text-align: left;\">Dataloggers DL4W (LS, LT)<\/li>\n<\/ul>\n<p>[\/vc_column_text][\/vc_column_inner][vc_column_inner width=\u00bb1\/3&#8243;][vc_single_image css=\u00bb\u00bb image=\u00bb25064&#8243;][vc_column_text css=\u00bb\u00bb]<\/p>\n<h3>Plataforma ZENON<\/h3>\n<p>By COPA-DATA[\/vc_column_text][\/vc_column_inner][\/vc_row_inner]<\/div><div class=\"content_slide_item \">[vc_row_inner][vc_column_inner width=\u00bb1\/3&#8243;]<div class=\"boc_spacing \" style=\"height: 20px\"><\/div>[vc_single_image img_size=\u00bbmedium\u00bb alignment=\u00bbcenter\u00bb image=\u00bb24102&#8243; el_class=\u00bbimg-ajust\u00bb][vc_single_image img_size=\u00bbmedium\u00bb alignment=\u00bbcenter\u00bb image=\u00bb24103&#8243; el_class=\u00bbimg-ajust\u00bb][vc_single_image img_size=\u00bbmedium\u00bb alignment=\u00bbcenter\u00bb image=\u00bb24101&#8243;]<div class=\"boc_spacing \" style=\"height: 35px\"><\/div>[vc_column_text]<\/p>\n<p style=\"text-align: left;\">Aplicaciones ad-hoc, a la medida del cliente: basadas en tecnolog\u00edas .NET (Visual Studio) y bases de datos relacionales (SQL Server, Oracle, etc.). Ofrecemos el almacenamiento agregado de los datos de producci\u00f3n, as\u00ed como la gesti\u00f3n de \u00f3rdenes de producci\u00f3n, lotes, recetas, \u2026<\/p>\n<p>[\/vc_column_text][\/vc_column_inner][vc_column_inner width=\u00bb1\/3&#8243;][vc_single_image alignment=\u00bbcenter\u00bb image=\u00bb23854&#8243; el_class=\u00bbowl-car\u00bb][vc_single_image img_size=\u00bbmedium\u00bb alignment=\u00bbcenter\u00bb image=\u00bb24100&#8243; el_class=\u00bbowl-car\u00bb]<div class=\"boc_spacing \" style=\"height: 48px\"><\/div>[vc_column_text]CreaControl utiliza comunicaciones v\u00eda OPC entre dispositivos y aplicaciones de Windows, ya sean aplicaciones SCADA, programas de gesti\u00f3n, sistemas de control predictivo, etc. Como ejemplo, utilizamos: KEPServerEX (Kepware), RSLinx Classic (Rockwell Automation), SIMATIC NET (Siemens), CX Server (Omron), OPC Factory Server (Schneider).<\/p>\n<p>Adem\u00e1s de la cl\u00e1sica comunicaci\u00f3n OPC-DA, CreaControl utiliza tecnolog\u00eda OPC-UA, para maximizar las posibilidades de comunicaci\u00f3n entre sistemas y redes.[\/vc_column_text][\/vc_column_inner][vc_column_inner width=\u00bb1\/3&#8243;][vc_single_image alignment=\u00bbcenter\u00bb image=\u00bb24492&#8243; el_class=\u00bbowl-car\u00bb][vc_column_text]Hacemos posible la comunicaci\u00f3n remota entre plantas situadas a distancia, adem\u00e1s del env\u00edo de alarmas SMS\/email, as\u00ed como el teleservicio (conexi\u00f3n remota a PLC y SCADA), mediante productos eWon (Cosy, Flexy). Es posible, por tanto, la integraci\u00f3n y centralizaci\u00f3n de datos remotos en un solo punto de supervisi\u00f3n.[\/vc_column_text][\/vc_column_inner][\/vc_row_inner]<\/div><\/div>\r\n\t\t\t\t\t<!-- content Slider -->\r\n\t\t\t\t\t<script type=\"text\/javascript\">\r\n\r\n\t\t\t\t\t\tjQuery(document).ready(function($) {\t\t\t\t\t\t\t\t\r\n\t\t\t\t\t\t\r\n\t\t\t\t\t\t\tvar slider_el = $(\"#content_slides_5072\");\r\n\r\n\t\t\t\t\t\t\t\/\/ Create content Icons Nav\r\n\t\t\t\t\t\t\t\r\n\r\n\t\t\t\t\t\t\tslider_el.owlCarousel({\r\n\t\t\t\t\t\t\t\t\titems: \t\t\t\t1,\r\n\t\t\t\r\n\t\t\t\t\t\t\t\t\tautoplay:\t\t\ttrue,\r\n\t\t\t\t\t\t\t\t\tautoplayTimeout:\t\t8000,\r\n\t\t\t\t\t\t\t\t\tnav: \t\t\t\ttrue,\r\n\t\t\t\t\t\t\tnavText:\t\t\t[\"<span class='icon icon-angle-left-circle'><\/span>\",\"<span class='icon icon-angle-right-circle'><\/span>\"],\r\n\t\t\t\t\t\t\t\t\tautoHeight: \t\t\tfalse,\r\n\t\t\t\t\t\t\t\t\tsmartSpeed:\t\t\t750,\r\n\t\t\t\t\t\t\t\t\tdots:\t\t\t\tfalse,\r\n\t\t\t\t\t\t\t\t\tloop: \t\t\t\ttrue,\r\n\t\t\t\t\t\t\t\t\tslideBy: \t\t\t1,\r\n\t\t\t\t\t\t\t\t\tnavRewind: \t\t\tfalse,\r\n\t\t\t\t\t\t\t\t\t\r\n\t\t\t\t\t\t\t\t\t\r\n\t\t\t\t\t\t\t});\r\n\t\t\t\t\t\t});\r\n\t\t\t\t\t\t\r\n\t\t\t\t\t<\/script>\r\n\t\t\t\t\t\r\n\t\t\t\t\t<style>\r\n\t\t\t\t\t\t#content_slides_5072.owl-carousel .animated {\r\n\t\t\t\t\t\t\t-webkit-animation-duration: 750ms;\r\n\t\t\t\t\t\t\tanimation-duration: 750ms;\r\n\t\t\t\t\t\t}\r\n\t\t\t\t\t<\/style>\r\n\t\t\t\t\t<!-- content Slider :: END -->[\/vc_column][\/vc_row]<\/p>\n<\/div>","protected":false},"excerpt":{"rendered":"<p>[vc_row full_width=\u00bbstretch_row\u00bb bg_type=\u00bbimage\u00bb bg_image_new=\u00bb24575&#8243; bg_image_repeat=\u00bbno-repeat\u00bb bg_override=\u00bbfull\u00bb parallax_content=\u00bboff\u00bb fadeout_row=\u00bboff\u00bb enable_overlay=\u00bboff\u00bb css=\u00bb.vc_custom_1684680219491{padding-top: 100px !important;padding-bottom: 100px !important;background-image: url(https:\/\/creacontrol.es\/wp-content\/uploads\/2019\/09\/cabecera_secciones_delgada.png?id=24575) !important;background-position: center !important;background-repeat: no-repeat !important;background-size: cover !important;}\u00bb el_class=\u00bbheader-page\u00bb][vc_column][\/vc_column][\/vc_row][vc_row css=\u00bb.vc_custom_1569253413151{padding-top: 20px !important;}\u00bb][vc_column][vc_single_image alignment=\u00bbcenter\u00bb image=\u00bb24363&#8243;][vc_column_text]Contamos con amplia experiencia con las herramientas m\u00e1s demandadas por la industria, con una gran variedad de tecnolog\u00edas:[\/vc_column_text][\/vc_column][\/vc_row]<\/p>\n","protected":false},"author":4,"featured_media":0,"parent":0,"menu_order":0,"comment_status":"closed","ping_status":"closed","template":"","meta":{"footnotes":""},"class_list":["post-24093","page","type-page","status-publish","hentry"],"yoast_head":"<!-- This site is optimized with the Yoast SEO plugin v27.4 - https:\/\/yoast.com\/product\/yoast-seo-wordpress\/ -->\n<title>Tecnolog\u00edas empleadas - CreaControl<\/title>\n<meta name=\"robots\" content=\"index, follow, max-snippet:-1, max-image-preview:large, max-video-preview:-1\" \/>\n<link rel=\"canonical\" href=\"https:\/\/creacontrol.es\/automatizacion-industrial\/tecnologias-empleadas\/\" \/>\n<meta property=\"og:locale\" content=\"es_ES\" \/>\n<meta property=\"og:type\" content=\"article\" \/>\n<meta property=\"og:title\" content=\"Tecnolog\u00edas empleadas - CreaControl\" \/>\n<meta property=\"og:description\" content=\"[vc_row full_width=\u00bbstretch_row\u00bb bg_type=\u00bbimage\u00bb bg_image_new=\u00bb24575&#8243; bg_image_repeat=\u00bbno-repeat\u00bb bg_override=\u00bbfull\u00bb parallax_content=\u00bboff\u00bb fadeout_row=\u00bboff\u00bb enable_overlay=\u00bboff\u00bb css=\u00bb.vc_custom_1684680219491{padding-top: 100px !important;padding-bottom: 100px !important;background-image: url(https:\/\/creacontrol.es\/wp-content\/uploads\/2019\/09\/cabecera_secciones_delgada.png?id=24575) !important;background-position: center !important;background-repeat: no-repeat !important;background-size: cover !important;}\u00bb el_class=\u00bbheader-page\u00bb][vc_column][\/vc_column][\/vc_row][vc_row css=\u00bb.vc_custom_1569253413151{padding-top: 20px !important;}\u00bb][vc_column][vc_single_image alignment=\u00bbcenter\u00bb image=\u00bb24363&#8243;][vc_column_text]Contamos con amplia experiencia con las herramientas m\u00e1s demandadas por la industria, con una gran variedad de tecnolog\u00edas:[\/vc_column_text][\/vc_column][\/vc_row]\" \/>\n<meta property=\"og:url\" content=\"https:\/\/creacontrol.es\/automatizacion-industrial\/tecnologias-empleadas\/\" \/>\n<meta property=\"og:site_name\" content=\"CreaControl\" \/>\n<meta property=\"article:modified_time\" content=\"2026-01-15T14:36:34+00:00\" \/>\n<meta name=\"twitter:card\" content=\"summary_large_image\" \/>\n<meta name=\"twitter:label1\" content=\"Tiempo de lectura\" \/>\n\t<meta name=\"twitter:data1\" content=\"8 minutos\" \/>\n<script type=\"application\/ld+json\" class=\"yoast-schema-graph\">{\"@context\":\"https:\\\/\\\/schema.org\",\"@graph\":[{\"@type\":\"WebPage\",\"@id\":\"https:\\\/\\\/creacontrol.es\\\/automatizacion-industrial\\\/tecnologias-empleadas\\\/\",\"url\":\"https:\\\/\\\/creacontrol.es\\\/automatizacion-industrial\\\/tecnologias-empleadas\\\/\",\"name\":\"Tecnolog\u00edas empleadas - CreaControl\",\"isPartOf\":{\"@id\":\"https:\\\/\\\/creacontrol.es\\\/automatizacion-industrial\\\/#website\"},\"datePublished\":\"2019-03-26T05:00:37+00:00\",\"dateModified\":\"2026-01-15T14:36:34+00:00\",\"breadcrumb\":{\"@id\":\"https:\\\/\\\/creacontrol.es\\\/automatizacion-industrial\\\/tecnologias-empleadas\\\/#breadcrumb\"},\"inLanguage\":\"es\",\"potentialAction\":[{\"@type\":\"ReadAction\",\"target\":[\"https:\\\/\\\/creacontrol.es\\\/automatizacion-industrial\\\/tecnologias-empleadas\\\/\"]}]},{\"@type\":\"BreadcrumbList\",\"@id\":\"https:\\\/\\\/creacontrol.es\\\/automatizacion-industrial\\\/tecnologias-empleadas\\\/#breadcrumb\",\"itemListElement\":[{\"@type\":\"ListItem\",\"position\":1,\"name\":\"Portada\",\"item\":\"https:\\\/\\\/creacontrol.es\\\/automatizacion-industrial\\\/\"},{\"@type\":\"ListItem\",\"position\":2,\"name\":\"Tecnolog\u00edas empleadas\"}]},{\"@type\":\"WebSite\",\"@id\":\"https:\\\/\\\/creacontrol.es\\\/automatizacion-industrial\\\/#website\",\"url\":\"https:\\\/\\\/creacontrol.es\\\/automatizacion-industrial\\\/\",\"name\":\"CreaControl\",\"description\":\"Automatizaci\u00f3n industrial\",\"publisher\":{\"@id\":\"https:\\\/\\\/creacontrol.es\\\/automatizacion-industrial\\\/#organization\"},\"potentialAction\":[{\"@type\":\"SearchAction\",\"target\":{\"@type\":\"EntryPoint\",\"urlTemplate\":\"https:\\\/\\\/creacontrol.es\\\/automatizacion-industrial\\\/?s={search_term_string}\"},\"query-input\":{\"@type\":\"PropertyValueSpecification\",\"valueRequired\":true,\"valueName\":\"search_term_string\"}}],\"inLanguage\":\"es\"},{\"@type\":\"Organization\",\"@id\":\"https:\\\/\\\/creacontrol.es\\\/automatizacion-industrial\\\/#organization\",\"name\":\"CreaControl\",\"url\":\"https:\\\/\\\/creacontrol.es\\\/automatizacion-industrial\\\/\",\"logo\":{\"@type\":\"ImageObject\",\"inLanguage\":\"es\",\"@id\":\"https:\\\/\\\/creacontrol.es\\\/automatizacion-industrial\\\/#\\\/schema\\\/logo\\\/image\\\/\",\"url\":\"https:\\\/\\\/creacontrol.es\\\/wp-content\\\/uploads\\\/2022\\\/12\\\/Sin-titulo-1.jpg\",\"contentUrl\":\"https:\\\/\\\/creacontrol.es\\\/wp-content\\\/uploads\\\/2022\\\/12\\\/Sin-titulo-1.jpg\",\"width\":95,\"height\":27,\"caption\":\"CreaControl\"},\"image\":{\"@id\":\"https:\\\/\\\/creacontrol.es\\\/automatizacion-industrial\\\/#\\\/schema\\\/logo\\\/image\\\/\"}}]}<\/script>\n<!-- \/ Yoast SEO plugin. -->","yoast_head_json":{"title":"Tecnolog\u00edas empleadas - CreaControl","robots":{"index":"index","follow":"follow","max-snippet":"max-snippet:-1","max-image-preview":"max-image-preview:large","max-video-preview":"max-video-preview:-1"},"canonical":"https:\/\/creacontrol.es\/automatizacion-industrial\/tecnologias-empleadas\/","og_locale":"es_ES","og_type":"article","og_title":"Tecnolog\u00edas empleadas - CreaControl","og_description":"[vc_row full_width=\u00bbstretch_row\u00bb bg_type=\u00bbimage\u00bb bg_image_new=\u00bb24575&#8243; bg_image_repeat=\u00bbno-repeat\u00bb bg_override=\u00bbfull\u00bb parallax_content=\u00bboff\u00bb fadeout_row=\u00bboff\u00bb enable_overlay=\u00bboff\u00bb css=\u00bb.vc_custom_1684680219491{padding-top: 100px !important;padding-bottom: 100px !important;background-image: url(https:\/\/creacontrol.es\/wp-content\/uploads\/2019\/09\/cabecera_secciones_delgada.png?id=24575) !important;background-position: center !important;background-repeat: no-repeat !important;background-size: cover !important;}\u00bb el_class=\u00bbheader-page\u00bb][vc_column][\/vc_column][\/vc_row][vc_row css=\u00bb.vc_custom_1569253413151{padding-top: 20px !important;}\u00bb][vc_column][vc_single_image alignment=\u00bbcenter\u00bb image=\u00bb24363&#8243;][vc_column_text]Contamos con amplia experiencia con las herramientas m\u00e1s demandadas por la industria, con una gran variedad de tecnolog\u00edas:[\/vc_column_text][\/vc_column][\/vc_row]","og_url":"https:\/\/creacontrol.es\/automatizacion-industrial\/tecnologias-empleadas\/","og_site_name":"CreaControl","article_modified_time":"2026-01-15T14:36:34+00:00","twitter_card":"summary_large_image","twitter_misc":{"Tiempo de lectura":"8 minutos"},"schema":{"@context":"https:\/\/schema.org","@graph":[{"@type":"WebPage","@id":"https:\/\/creacontrol.es\/automatizacion-industrial\/tecnologias-empleadas\/","url":"https:\/\/creacontrol.es\/automatizacion-industrial\/tecnologias-empleadas\/","name":"Tecnolog\u00edas empleadas - CreaControl","isPartOf":{"@id":"https:\/\/creacontrol.es\/automatizacion-industrial\/#website"},"datePublished":"2019-03-26T05:00:37+00:00","dateModified":"2026-01-15T14:36:34+00:00","breadcrumb":{"@id":"https:\/\/creacontrol.es\/automatizacion-industrial\/tecnologias-empleadas\/#breadcrumb"},"inLanguage":"es","potentialAction":[{"@type":"ReadAction","target":["https:\/\/creacontrol.es\/automatizacion-industrial\/tecnologias-empleadas\/"]}]},{"@type":"BreadcrumbList","@id":"https:\/\/creacontrol.es\/automatizacion-industrial\/tecnologias-empleadas\/#breadcrumb","itemListElement":[{"@type":"ListItem","position":1,"name":"Portada","item":"https:\/\/creacontrol.es\/automatizacion-industrial\/"},{"@type":"ListItem","position":2,"name":"Tecnolog\u00edas empleadas"}]},{"@type":"WebSite","@id":"https:\/\/creacontrol.es\/automatizacion-industrial\/#website","url":"https:\/\/creacontrol.es\/automatizacion-industrial\/","name":"CreaControl","description":"Automatizaci\u00f3n industrial","publisher":{"@id":"https:\/\/creacontrol.es\/automatizacion-industrial\/#organization"},"potentialAction":[{"@type":"SearchAction","target":{"@type":"EntryPoint","urlTemplate":"https:\/\/creacontrol.es\/automatizacion-industrial\/?s={search_term_string}"},"query-input":{"@type":"PropertyValueSpecification","valueRequired":true,"valueName":"search_term_string"}}],"inLanguage":"es"},{"@type":"Organization","@id":"https:\/\/creacontrol.es\/automatizacion-industrial\/#organization","name":"CreaControl","url":"https:\/\/creacontrol.es\/automatizacion-industrial\/","logo":{"@type":"ImageObject","inLanguage":"es","@id":"https:\/\/creacontrol.es\/automatizacion-industrial\/#\/schema\/logo\/image\/","url":"https:\/\/creacontrol.es\/wp-content\/uploads\/2022\/12\/Sin-titulo-1.jpg","contentUrl":"https:\/\/creacontrol.es\/wp-content\/uploads\/2022\/12\/Sin-titulo-1.jpg","width":95,"height":27,"caption":"CreaControl"},"image":{"@id":"https:\/\/creacontrol.es\/automatizacion-industrial\/#\/schema\/logo\/image\/"}}]}},"_links":{"self":[{"href":"https:\/\/creacontrol.es\/automatizacion-industrial\/wp-json\/wp\/v2\/pages\/24093","targetHints":{"allow":["GET"]}}],"collection":[{"href":"https:\/\/creacontrol.es\/automatizacion-industrial\/wp-json\/wp\/v2\/pages"}],"about":[{"href":"https:\/\/creacontrol.es\/automatizacion-industrial\/wp-json\/wp\/v2\/types\/page"}],"author":[{"embeddable":true,"href":"https:\/\/creacontrol.es\/automatizacion-industrial\/wp-json\/wp\/v2\/users\/4"}],"replies":[{"embeddable":true,"href":"https:\/\/creacontrol.es\/automatizacion-industrial\/wp-json\/wp\/v2\/comments?post=24093"}],"version-history":[{"count":66,"href":"https:\/\/creacontrol.es\/automatizacion-industrial\/wp-json\/wp\/v2\/pages\/24093\/revisions"}],"predecessor-version":[{"id":25065,"href":"https:\/\/creacontrol.es\/automatizacion-industrial\/wp-json\/wp\/v2\/pages\/24093\/revisions\/25065"}],"wp:attachment":[{"href":"https:\/\/creacontrol.es\/automatizacion-industrial\/wp-json\/wp\/v2\/media?parent=24093"}],"curies":[{"name":"wp","href":"https:\/\/api.w.org\/{rel}","templated":true}]}}